{"id":2594,"date":"2023-10-25T13:41:56","date_gmt":"2023-10-25T13:41:56","guid":{"rendered":"http:\/\/duinzicht.com\/?page_id=2594"},"modified":"2025-10-03T15:30:31","modified_gmt":"2025-10-03T15:30:31","slug":"home","status":"publish","type":"page","link":"https:\/\/duinzicht.com\/de\/","title":{"rendered":"Home"},"content":{"rendered":"<style type=\"text\/css\">\n    .header-heights {\n        height: 50vh;\n    }\n    .header-heights.home {\n        height: 70vh;\n    }\n    @media (max-width: 767px) {\n        .header-heights {\n            height: 50vh;\n        }\n        .header-heights.home {\n            height: 50vh;\n        }\n    }\n<\/style><section class=\"header-img\">\n        <div class=\"img-inner header-heights\" style=\"background-image: url(https:\/\/duinzicht.com\/wp-content\/uploads\/2023\/10\/duinzicht-header-1600x909.jpg);\"><div class=\"header_txt\">\n                <h3>Einzigartige Lage auf Walcheren<\/h3>\n                <h2><\/h2><\/div><div class=\"container zb-container\"><div class=\"harbor-main-widget\">\r\n<div is=\"search\" :expandable=\"true\" :config=\"{ top: false,isDateRangePicker: true  }\" :category-id=\"1\" :pre-fill=\"true\" url=\"\/suchergebnisse\">&nbsp;<\/div>\r\n<\/div><\/div><\/div><\/section>\n\n\n<div class=\"wp-block-columns is-layout-flex wp-container-core-columns-is-layout-9d6595d7 wp-block-columns-is-layout-flex\">\n<div class=\"wp-block-column is-layout-flow wp-block-column-is-layout-flow\" style=\"flex-basis:66.66%\">\n<h1 class=\"wp-block-heading tz-intro-container\">Entdecken Sie Duinzicht, Gruppenunterk\u00fcnfte mit Charakter auf Walcheren<\/h1>\n\n\n\n<p>Eingebettet zwischen D\u00fcnen, Meer und Geschichte bieten die Duinzicht Ferienh\u00e4user eine einzigartige Lage auf der wundersch\u00f6nen Insel Walcheren. Hier, im Schein des ikonischen Leuchtturms Westkapelle, erleben Sie die perfekte Balance aus Natur, Gem\u00fctlichkeit und Komfort. Das lebhafte Dorfzentrum oder der Deich sind nur wenige Gehminuten entfernt, w\u00e4hrend im S\u00fcden eine ruhigere Landschaft mit B\u00e4chen und W\u00e4ldern zum Entspannen oder Erkunden einl\u00e4dt. Vom Haus aus blicken Sie auf die D\u00fcnen und stehen innerhalb von zehn Minuten mit den F\u00fc\u00dfen im Sand.<\/p>\n<\/div>\n\n\n\n<div class=\"wp-block-column tz-intro-img-container is-layout-flow wp-block-column-is-layout-flow\" style=\"flex-basis:33.33%\">\n<figure class=\"wp-block-image size-full tz-intro-img\"><img loading=\"lazy\" decoding=\"async\" width=\"407\" height=\"535\" src=\"https:\/\/duinzicht.com\/wp-content\/uploads\/2025\/09\/content_img.jpg\" alt=\"\" class=\"wp-image-2766\"\/><\/figure>\n<\/div>\n<\/div>\n\n\n<section class=\"tz-huizen huizen-full-width\"><div class=\"tz-huizen-container\"><div class=\"tz-huizen-content\"><h1>Ferienh\u00e4user f\u00fcr jede Gruppe<\/h1><p><p>Ob Sie mit einer kleinen oder gro\u00dfen Gruppe reisen, unsere Ferienunterk\u00fcnfte eignen sich f\u00fcr Gruppen von bis zu 61 Personen. Die ehemalige Milit\u00e4rpolizeikaserne wurde in mehrere komfortable Ferienh\u00e4user umgewandelt. Das Geb\u00e4ude strahlt Geschichte und Charakter aus und bietet dennoch modernen Komfort, einschlie\u00dflich vollst\u00e4ndiger Barrierefreiheit und moderner Annehmlichkeiten.<\/p>\n<\/p><\/div><div class=\"tz-huizen-repeater\"><div class=\"tz-huizen-repeater-item\"><a href=\"\" class=\"tz-huizen-link\"><div class=\"tz-huizen-repeater-text\"><img loading=\"lazy\" decoding=\"async\" width=\"500\" height=\"750\" src=\"https:\/\/duinzicht.com\/wp-content\/uploads\/2025\/10\/Duinzicht-1-1-1-500x750.jpg\" class=\"attachment-medium size-medium\" alt=\"\" srcset=\"https:\/\/duinzicht.com\/wp-content\/uploads\/2025\/10\/Duinzicht-1-1-1-500x750.jpg 500w, https:\/\/duinzicht.com\/wp-content\/uploads\/2025\/10\/Duinzicht-1-1-1-1066x1600.jpg 1066w, https:\/\/duinzicht.com\/wp-content\/uploads\/2025\/10\/Duinzicht-1-1-1-768x1152.jpg 768w, https:\/\/duinzicht.com\/wp-content\/uploads\/2025\/10\/Duinzicht-1-1-1-1024x1536.jpg 1024w, https:\/\/duinzicht.com\/wp-content\/uploads\/2025\/10\/Duinzicht-1-1-1.jpg 1333w\" sizes=\"auto, (max-width: 500px) 100vw, 500px\" \/><div class=\"tz-huizen-btn\"><span class=\"tz-huizen-btn-text\">Duinzicht 1<\/span><span class=\"tz-huizen-btn-chevron\"><\/span><\/div><\/div><\/a><\/div><div class=\"tz-huizen-repeater-item\"><a href=\"https:\/\/duinzicht.com\/de\/groepsaccommodaties\/duinzicht-1\/\" class=\"tz-huizen-link\"><div class=\"tz-huizen-repeater-text\"><img loading=\"lazy\" decoding=\"async\" width=\"500\" height=\"750\" src=\"https:\/\/duinzicht.com\/wp-content\/uploads\/2025\/10\/Duinzicht-3-1-1-500x750.jpg\" class=\"attachment-medium size-medium\" alt=\"\" srcset=\"https:\/\/duinzicht.com\/wp-content\/uploads\/2025\/10\/Duinzicht-3-1-1-500x750.jpg 500w, https:\/\/duinzicht.com\/wp-content\/uploads\/2025\/10\/Duinzicht-3-1-1-1066x1600.jpg 1066w, https:\/\/duinzicht.com\/wp-content\/uploads\/2025\/10\/Duinzicht-3-1-1-768x1152.jpg 768w, https:\/\/duinzicht.com\/wp-content\/uploads\/2025\/10\/Duinzicht-3-1-1-1024x1536.jpg 1024w, https:\/\/duinzicht.com\/wp-content\/uploads\/2025\/10\/Duinzicht-3-1-1.jpg 1333w\" sizes=\"auto, (max-width: 500px) 100vw, 500px\" \/><div class=\"tz-huizen-btn\"><span class=\"tz-huizen-btn-text\">Duinzicht 3<\/span><span class=\"tz-huizen-btn-chevron\"><\/span><\/div><\/div><\/a><\/div><div class=\"tz-huizen-repeater-item\"><a href=\"\" class=\"tz-huizen-link\"><div class=\"tz-huizen-repeater-text\"><img loading=\"lazy\" decoding=\"async\" width=\"500\" height=\"750\" src=\"https:\/\/duinzicht.com\/wp-content\/uploads\/2025\/10\/Duinzicht-5-1-1-500x750.jpg\" class=\"attachment-medium size-medium\" alt=\"\" srcset=\"https:\/\/duinzicht.com\/wp-content\/uploads\/2025\/10\/Duinzicht-5-1-1-500x750.jpg 500w, https:\/\/duinzicht.com\/wp-content\/uploads\/2025\/10\/Duinzicht-5-1-1-1066x1600.jpg 1066w, https:\/\/duinzicht.com\/wp-content\/uploads\/2025\/10\/Duinzicht-5-1-1-768x1152.jpg 768w, https:\/\/duinzicht.com\/wp-content\/uploads\/2025\/10\/Duinzicht-5-1-1-1024x1536.jpg 1024w, https:\/\/duinzicht.com\/wp-content\/uploads\/2025\/10\/Duinzicht-5-1-1.jpg 1333w\" sizes=\"auto, (max-width: 500px) 100vw, 500px\" \/><div class=\"tz-huizen-btn\"><span class=\"tz-huizen-btn-text\">Duinzicht 5<\/span><span class=\"tz-huizen-btn-chevron\"><\/span><\/div><\/div><\/a><\/div><\/div><\/div><\/section>\n\n\n\n<div id=\"slider-69e5ebbbd1fb4\" class=\"slider aanbiedingen normaal aanbiedingen-width\"><div class=\"arrangementen-slider\"><div class=\"overview-txt\"><h3>Sonderperioden<\/h3><p>Schauen Sie sich unsere Angebote und Pakete an, um die besten Preise und einzigartige Erlebnisse zu erhalten.<\/p>\n<\/div><div class=\"tz-arrangementen\"><div class=\"overzicht-archive row tz-blocks\"><a href=\"\/zoekresultaten?h_arrival=2026-05-14&#038;h_departure=2026-05-17\" class=\"col-blocks-3 tz-arrangementen-item\" target=\"_blank\"><img decoding=\"async\" src=\"https:\/\/duinzicht.com\/wp-content\/uploads\/2025\/10\/Duinzicht-buitenfoto_s-8-750x421.jpg\" alt=\"\" class=\"attachment-medium size-medium not-transparent wp-post-image\"><div class=\"overview-text\"><h3>Himmelfahrt<\/h3><span>14 Mai \u2013 17 Mai<\/span><span class=\"btn read-more\">Verf\u00fcgbarkeit<\/span><\/div><\/a><a href=\"\/zoekresultaten?h_arrival=2025-05-22&#038;h_departure=2025-05-259\" class=\"col-blocks-3 tz-arrangementen-item\" target=\"_blank\"><img decoding=\"async\" src=\"https:\/\/duinzicht.com\/wp-content\/uploads\/2025\/10\/Duinzicht-buitenfoto_s-4-750x500.jpg\" alt=\"\" class=\"attachment-medium size-medium not-transparent wp-post-image\"><div class=\"overview-text\"><h3>Pfingsten<\/h3><span>22 Mai \u2013 25 Mai<\/span><span class=\"btn read-more\">Verf\u00fcgbarkeit<\/span><\/div><\/a><\/div><\/div><\/div><\/div>        <script>\n        jQuery(document).ready(function($) {\n            if (typeof initializeTzSlider === \"function\") {\n                initializeTzSlider(\n                    '#slider-69e5ebbbd1fb4 .arrangementen-slider',\n                    '.col-blocks-3',\n                    '.slidebutton.prev',\n                    '.slidebutton.next',\n                    {\n                        991: 3,\n                        0: 1\n                    }\n                );\n            }\n        });\n        <\/script>\n    \n\n<div style=\"margin-top: px\" class=\"tz-omenom-container image-right color-kleur2\"><div class=\"container\"><div class=\"col6 omenom-image\"><img loading=\"lazy\" decoding=\"async\" width=\"750\" height=\"500\" src=\"https:\/\/duinzicht.com\/wp-content\/uploads\/2025\/10\/Duinzicht-buitenfoto_s-1-750x500.jpg\" class=\"attachment-medium size-medium\" alt=\"\" srcset=\"https:\/\/duinzicht.com\/wp-content\/uploads\/2025\/10\/Duinzicht-buitenfoto_s-1-750x500.jpg 750w, https:\/\/duinzicht.com\/wp-content\/uploads\/2025\/10\/Duinzicht-buitenfoto_s-1-1600x1066.jpg 1600w, https:\/\/duinzicht.com\/wp-content\/uploads\/2025\/10\/Duinzicht-buitenfoto_s-1-768x512.jpg 768w, https:\/\/duinzicht.com\/wp-content\/uploads\/2025\/10\/Duinzicht-buitenfoto_s-1-1536x1024.jpg 1536w, https:\/\/duinzicht.com\/wp-content\/uploads\/2025\/10\/Duinzicht-buitenfoto_s-1.jpg 2000w\" sizes=\"auto, (max-width: 750px) 100vw, 750px\" \/><\/div><div class=\"col4 omenom-content\"><h3>Gemeinsam Platz und Komfort genie\u00dfen<\/h3><div class=\"omenom-editor\"><p>In Duinzicht genie\u00dfen Sie die Freiheit der Natur und den Komfort der Innenr\u00e4ume. Das historische Geb\u00e4ude verf\u00fcgt \u00fcber einen privaten Garten mit Terrasse. Dahinter bietet eine gro\u00dfe Rasenfl\u00e4che Platz f\u00fcr Sport, Spiel und Entspannung. Drinnen erwartet Sie eine warme Atmosph\u00e4re mit ger\u00e4umigen Wohnzimmern, gem\u00fctlichen Wohnk\u00fcchen und komfortablen Schlafzimmern. Zwei H\u00e4user verf\u00fcgen \u00fcber behindertengerechte Zimmer mit verstellbaren Betten. Die Unterk\u00fcnfte sind komplett ausgestattet und sorgen f\u00fcr einen unbeschwerten Aufenthalt.<\/p>\n<\/div><\/div><\/div><\/div>\n\n\n<h3 class=\"wp-block-heading has-text-align-center\" style=\"font-size:38px;line-height:1.4\">Entdecken Sie den Charme von Walcheren<\/h3>\n\n\n\n<p class=\"has-text-align-center\">Ein Aufenthalt im Duinzicht bedeutet, dass die sch\u00f6nsten Orte Zeelands leicht zu erreichen sind:<\/p>\n\n\n\n<div class=\"wp-block-columns is-layout-flex wp-container-core-columns-is-layout-9d6595d7 wp-block-columns-is-layout-flex\">\n<div class=\"wp-block-column is-layout-flow wp-block-column-is-layout-flow\">\n<ul class=\"wp-block-list\">\n<li><strong>Strand &amp; Meer:<\/strong> Genie\u00dfen Sie Sonne, Meer und Sand. Nehmen Sie ein erfrischendes Bad, spielen Sie mit den Kindern im Sand oder machen Sie einen flotten Spaziergang entlang der D\u00fcnen mit Blick auf die K\u00fcste.<\/li>\n<\/ul>\n\n\n\n<ul class=\"wp-block-list\">\n<li><strong>Natur &amp; Ruhe:<\/strong> Erkunden Sie die B\u00e4che, W\u00e4lder und Polder rund um Westkapelle mit dem Fahrrad oder zu Fu\u00df und lassen Sie sich von der Ruhe und Weite der zeel\u00e4ndischen Landschaft \u00fcberraschen.<\/li>\n<\/ul>\n<\/div>\n\n\n\n<div class=\"wp-block-column is-layout-flow wp-block-column-is-layout-flow\">\n<ul class=\"wp-block-list\">\n<li><strong>Geschichte &amp; Kultur:<\/strong> Schlendern Sie durch Middelburg mit seinen Denkm\u00e4lern und Kan\u00e4len oder besuchen Sie die charmanten D\u00f6rfer Veere und Domburg. Besuchen Sie auch das Polderhuis-Museum, um die Geschichten des Zweiten Weltkriegs zu entdecken, oder bewundern Sie den ber\u00fchmten Leuchtturm von Westkapelle.<\/li>\n<\/ul>\n\n\n\n<ul class=\"wp-block-list\">\n<li><strong>Aktiv &amp; Abenteuer:<\/strong> Segeln, Surfen oder Stand-Up-Paddeln Sie auf dem Veerse Meer oder erkunden Sie die K\u00fcste bei einer sportlichen Radtour.<\/li>\n<\/ul>\n<\/div>\n<\/div>\n\n\n\n<p class=\"has-text-align-center\">Hier kombinieren Sie das Beste aus beiden Welten: die Dynamik gesch\u00e4ftiger D\u00f6rfer und die Ruhe der Natur und des Meeres.<\/p>\n\n\n<section class=\"gallery-section masonblue masonblue-full-width\"><h3>Duinzicht vakantieverblijven in beeld<\/h3><div class=\"gallery masonblue-container\"><div class=\"first-block\"><figure class=\"gallery-item \"><div class=\"gallery-icon\"><a href=\"https:\/\/duinzicht.com\/wp-content\/uploads\/2025\/09\/Duinzicht-buitenfoto_s-1.jpg\" data-fancybox=\"gallery\"><img src=\"https:\/\/duinzicht.com\/wp-content\/uploads\/2025\/09\/Duinzicht-buitenfoto_s-1-750x500.jpg\" alt=\"\" decoding=\"async\"><\/a><\/div><\/figure><\/div><div class=\"second-block\"><figure class=\"gallery-item \"><div class=\"gallery-icon\"><a href=\"https:\/\/duinzicht.com\/wp-content\/uploads\/2023\/10\/header.jpg\" data-fancybox=\"gallery\"><img src=\"https:\/\/duinzicht.com\/wp-content\/uploads\/2023\/10\/header-750x327.jpg\" alt=\"\" decoding=\"async\"><\/a><\/div><\/figure><figure class=\"gallery-item \"><div class=\"gallery-icon\"><a href=\"https:\/\/duinzicht.com\/wp-content\/uploads\/2025\/09\/Duinzicht-buitenfoto_s-4.jpg\" data-fancybox=\"gallery\"><img src=\"https:\/\/duinzicht.com\/wp-content\/uploads\/2025\/09\/Duinzicht-buitenfoto_s-4-750x500.jpg\" alt=\"\" decoding=\"async\"><\/a><\/div><\/figure><\/div><div class=\"third-block\"><figure class=\"gallery-item \"><div class=\"gallery-icon\"><a href=\"https:\/\/duinzicht.com\/wp-content\/uploads\/2025\/09\/Duinzicht-buitenfoto_s-7.jpg\" data-fancybox=\"gallery\"><img src=\"https:\/\/duinzicht.com\/wp-content\/uploads\/2025\/09\/Duinzicht-buitenfoto_s-7-750x421.jpg\" alt=\"\" decoding=\"async\"><\/a><\/div><\/figure><figure class=\"gallery-item \"><div class=\"gallery-icon\"><a href=\"https:\/\/duinzicht.com\/wp-content\/uploads\/2025\/09\/Duinzicht-buitenfoto_s-8.jpg\" data-fancybox=\"gallery\"><img src=\"https:\/\/duinzicht.com\/wp-content\/uploads\/2025\/09\/Duinzicht-buitenfoto_s-8-750x421.jpg\" alt=\"\" decoding=\"async\"><\/a><\/div><\/figure><\/div><div class=\"fourth-block\"><figure class=\"gallery-item acco6 \"><div class=\"gallery-icon\"><a href=\"https:\/\/duinzicht.com\/wp-content\/uploads\/2025\/09\/Duinzicht-buitenfoto_s-9.jpg\" data-fancybox=\"gallery\"><img src=\"https:\/\/duinzicht.com\/wp-content\/uploads\/2025\/09\/Duinzicht-buitenfoto_s-9-750x563.jpg\" alt=\"\" decoding=\"async\"><\/a><\/div><\/figure><figure class=\"gallery-item acco8 \"><div class=\"gallery-icon\"><a href=\"https:\/\/duinzicht.com\/wp-content\/uploads\/2025\/09\/Duinzicht-buitenfoto_s-11.jpg\" data-fancybox=\"gallery\"><img src=\"https:\/\/duinzicht.com\/wp-content\/uploads\/2025\/09\/Duinzicht-buitenfoto_s-11-750x563.jpg\" alt=\"\" decoding=\"async\"><\/a><\/div><\/figure><\/div><figure class=\"gallery-item show-on-fullscreen\"><div class=\"gallery-icon\"><a href=\"https:\/\/duinzicht.com\/wp-content\/uploads\/2025\/09\/Duinzicht-1-2.jpg\" data-fancybox=\"gallery\"><img src=\"https:\/\/duinzicht.com\/wp-content\/uploads\/2025\/09\/Duinzicht-1-2-750x563.jpg\" alt=\"\" decoding=\"async\"><\/a><\/div><\/figure><figure class=\"gallery-item show-on-fullscreen\"><div class=\"gallery-icon\"><a href=\"https:\/\/duinzicht.com\/wp-content\/uploads\/2025\/09\/Duinzicht-5-2.jpg\" data-fancybox=\"gallery\"><img src=\"https:\/\/duinzicht.com\/wp-content\/uploads\/2025\/09\/Duinzicht-5-2-750x563.jpg\" alt=\"\" decoding=\"async\"><\/a><\/div><\/figure><\/div><\/section>\n\n\n\n<figure class=\"wp-block-embed is-type-video is-provider-youtube wp-block-embed-youtube tz-youtube-container wp-embed-aspect-16-9 wp-has-aspect-ratio\"><div class=\"wp-block-embed__wrapper\">\n<iframe loading=\"lazy\" title=\"duinzichtvakantieverblijven\" width=\"500\" height=\"281\" src=\"https:\/\/www.youtube.com\/embed\/tfXJRG_xO5U?start=1&#038;feature=oembed\" frameborder=\"0\" allow=\"accelerometer; autoplay; clipboard-write; encrypted-media; gyroscope; picture-in-picture; web-share\" referrerpolicy=\"strict-origin-when-cross-origin\" allowfullscreen><\/iframe>\n<\/div><\/figure>\n\n\n\n<div class=\"wp-block-columns customholli is-layout-flex wp-container-core-columns-is-layout-9d6595d7 wp-block-columns-is-layout-flex\">\n<div class=\"wp-block-column customholi is-layout-flow wp-block-column-is-layout-flow\"><\/div>\n<\/div>\n","protected":false},"excerpt":{"rendered":"<p>Entdecken Sie Duinzicht, Gruppenunterk\u00fcnfte mit Charakter auf Walcheren Eingebettet zwischen D\u00fcnen, Meer und Geschichte bieten die Duinzicht Ferienh\u00e4user eine einzigartige Lage auf der wundersch\u00f6nen Insel Walcheren. Hier, im Schein des ikonischen Leuchtturms Westkapelle, erleben Sie die perfekte Balance aus Natur, Gem\u00fctlichkeit und Komfort. Das lebhafte Dorfzentrum oder der Deich sind nur wenige Gehminuten entfernt, w\u00e4hrend [&hellip;]<\/p>\n","protected":false},"author":1,"featured_media":2902,"parent":0,"menu_order":0,"comment_status":"closed","ping_status":"closed","template":"","meta":{"_acf_changed":false,"footnotes":""},"class_list":["post-2594","page","type-page","status-publish","has-post-thumbnail","hentry"],"acf":[],"yoast_head":"<!-- This site is optimized with the Yoast SEO plugin v27.4 - https:\/\/yoast.com\/product\/yoast-seo-wordpress\/ -->\n<title>Groepsaccommodatie in Zeeland | Duinzicht Vakantieverblijven<\/title>\n<meta name=\"description\" content=\"Duinzicht in Walcheren: unieke groepsaccommodaties in monumentaal pand voor 18-61 personen. Vlak bij zee, strand en natuur. Beleef Zeeland samen!\" \/>\n<meta name=\"robots\" content=\"index, follow, max-snippet:-1, max-image-preview:large, max-video-preview:-1\" \/>\n<link rel=\"canonical\" href=\"https:\/\/duinzicht.com\/de\/\" \/>\n<meta property=\"og:locale\" content=\"de_DE\" \/>\n<meta property=\"og:type\" content=\"article\" \/>\n<meta property=\"og:title\" content=\"Groepsaccommodatie in Zeeland | Duinzicht Vakantieverblijven\" \/>\n<meta property=\"og:description\" content=\"Duinzicht in Walcheren: unieke groepsaccommodaties in monumentaal pand voor 18-61 personen. Vlak bij zee, strand en natuur. Beleef Zeeland samen!\" \/>\n<meta property=\"og:url\" content=\"https:\/\/duinzicht.com\/de\/\" \/>\n<meta property=\"og:site_name\" content=\"Duinzicht Vakantieverblijven\" \/>\n<meta property=\"article:publisher\" content=\"https:\/\/www.facebook.com\/tenzeronline\/\" \/>\n<meta property=\"article:modified_time\" content=\"2025-10-03T15:30:31+00:00\" \/>\n<meta property=\"og:image\" content=\"https:\/\/duinzicht.com\/wp-content\/uploads\/2025\/10\/Duinzicht-buitenfoto_s-1.jpg\" \/>\n\t<meta property=\"og:image:width\" content=\"2000\" \/>\n\t<meta property=\"og:image:height\" content=\"1333\" \/>\n\t<meta property=\"og:image:type\" content=\"image\/jpeg\" \/>\n<meta name=\"twitter:card\" content=\"summary_large_image\" \/>\n<meta name=\"twitter:label1\" content=\"Gesch\u00e4tzte Lesezeit\" \/>\n\t<meta name=\"twitter:data1\" content=\"2\u00a0Minuten\" \/>\n<script type=\"application\/ld+json\" class=\"yoast-schema-graph\">{\"@context\":\"https:\\\/\\\/schema.org\",\"@graph\":[{\"@type\":\"WebPage\",\"@id\":\"https:\\\/\\\/duinzicht.com\\\/de\\\/\",\"url\":\"https:\\\/\\\/duinzicht.com\\\/de\\\/\",\"name\":\"Groepsaccommodatie in Zeeland | Duinzicht Vakantieverblijven\",\"isPartOf\":{\"@id\":\"https:\\\/\\\/duinzicht.com\\\/#website\"},\"primaryImageOfPage\":{\"@id\":\"https:\\\/\\\/duinzicht.com\\\/de\\\/#primaryimage\"},\"image\":{\"@id\":\"https:\\\/\\\/duinzicht.com\\\/de\\\/#primaryimage\"},\"thumbnailUrl\":\"https:\\\/\\\/duinzicht.com\\\/wp-content\\\/uploads\\\/2025\\\/10\\\/Duinzicht-buitenfoto_s-1.jpg\",\"datePublished\":\"2023-10-25T13:41:56+00:00\",\"dateModified\":\"2025-10-03T15:30:31+00:00\",\"description\":\"Duinzicht in Walcheren: unieke groepsaccommodaties in monumentaal pand voor 18-61 personen. Vlak bij zee, strand en natuur. Beleef Zeeland samen!\",\"breadcrumb\":{\"@id\":\"https:\\\/\\\/duinzicht.com\\\/de\\\/#breadcrumb\"},\"inLanguage\":\"de\",\"potentialAction\":[{\"@type\":\"ReadAction\",\"target\":[\"https:\\\/\\\/duinzicht.com\\\/de\\\/\"]}]},{\"@type\":\"ImageObject\",\"inLanguage\":\"de\",\"@id\":\"https:\\\/\\\/duinzicht.com\\\/de\\\/#primaryimage\",\"url\":\"https:\\\/\\\/duinzicht.com\\\/wp-content\\\/uploads\\\/2025\\\/10\\\/Duinzicht-buitenfoto_s-1.jpg\",\"contentUrl\":\"https:\\\/\\\/duinzicht.com\\\/wp-content\\\/uploads\\\/2025\\\/10\\\/Duinzicht-buitenfoto_s-1.jpg\",\"width\":2000,\"height\":1333},{\"@type\":\"BreadcrumbList\",\"@id\":\"https:\\\/\\\/duinzicht.com\\\/de\\\/#breadcrumb\",\"itemListElement\":[{\"@type\":\"ListItem\",\"position\":1,\"name\":\"Home\",\"item\":\"https:\\\/\\\/duinzicht.com\\\/de\\\/\"},{\"@type\":\"ListItem\",\"position\":2,\"name\":\"Home\"}]},{\"@type\":\"WebSite\",\"@id\":\"https:\\\/\\\/duinzicht.com\\\/#website\",\"url\":\"https:\\\/\\\/duinzicht.com\\\/\",\"name\":\"Duinzicht Vakantieverblijven\",\"description\":\"Gelegen op het prachtige eiland Walcheren\",\"publisher\":{\"@id\":\"https:\\\/\\\/duinzicht.com\\\/#organization\"},\"potentialAction\":[{\"@type\":\"SearchAction\",\"target\":{\"@type\":\"EntryPoint\",\"urlTemplate\":\"https:\\\/\\\/duinzicht.com\\\/?s={search_term_string}\"},\"query-input\":{\"@type\":\"PropertyValueSpecification\",\"valueRequired\":true,\"valueName\":\"search_term_string\"}}],\"inLanguage\":\"de\"},{\"@type\":\"Organization\",\"@id\":\"https:\\\/\\\/duinzicht.com\\\/#organization\",\"name\":\"Vakantiepark TenZer\",\"url\":\"https:\\\/\\\/duinzicht.com\\\/\",\"logo\":{\"@type\":\"ImageObject\",\"inLanguage\":\"de\",\"@id\":\"https:\\\/\\\/duinzicht.com\\\/#\\\/schema\\\/logo\\\/image\\\/\",\"url\":\"\",\"contentUrl\":\"\",\"caption\":\"Vakantiepark TenZer\"},\"image\":{\"@id\":\"https:\\\/\\\/duinzicht.com\\\/#\\\/schema\\\/logo\\\/image\\\/\"},\"sameAs\":[\"https:\\\/\\\/www.facebook.com\\\/tenzeronline\\\/\"]}]}<\/script>\n<!-- \/ Yoast SEO plugin. -->","yoast_head_json":{"title":"Groepsaccommodatie in Zeeland | Duinzicht Vakantieverblijven","description":"Duinzicht in Walcheren: unieke groepsaccommodaties in monumentaal pand voor 18-61 personen. Vlak bij zee, strand en natuur. Beleef Zeeland samen!","robots":{"index":"index","follow":"follow","max-snippet":"max-snippet:-1","max-image-preview":"max-image-preview:large","max-video-preview":"max-video-preview:-1"},"canonical":"https:\/\/duinzicht.com\/de\/","og_locale":"de_DE","og_type":"article","og_title":"Groepsaccommodatie in Zeeland | Duinzicht Vakantieverblijven","og_description":"Duinzicht in Walcheren: unieke groepsaccommodaties in monumentaal pand voor 18-61 personen. Vlak bij zee, strand en natuur. Beleef Zeeland samen!","og_url":"https:\/\/duinzicht.com\/de\/","og_site_name":"Duinzicht Vakantieverblijven","article_publisher":"https:\/\/www.facebook.com\/tenzeronline\/","article_modified_time":"2025-10-03T15:30:31+00:00","og_image":[{"width":2000,"height":1333,"url":"https:\/\/duinzicht.com\/wp-content\/uploads\/2025\/10\/Duinzicht-buitenfoto_s-1.jpg","type":"image\/jpeg"}],"twitter_card":"summary_large_image","twitter_misc":{"Gesch\u00e4tzte Lesezeit":"2\u00a0Minuten"},"schema":{"@context":"https:\/\/schema.org","@graph":[{"@type":"WebPage","@id":"https:\/\/duinzicht.com\/de\/","url":"https:\/\/duinzicht.com\/de\/","name":"Groepsaccommodatie in Zeeland | Duinzicht Vakantieverblijven","isPartOf":{"@id":"https:\/\/duinzicht.com\/#website"},"primaryImageOfPage":{"@id":"https:\/\/duinzicht.com\/de\/#primaryimage"},"image":{"@id":"https:\/\/duinzicht.com\/de\/#primaryimage"},"thumbnailUrl":"https:\/\/duinzicht.com\/wp-content\/uploads\/2025\/10\/Duinzicht-buitenfoto_s-1.jpg","datePublished":"2023-10-25T13:41:56+00:00","dateModified":"2025-10-03T15:30:31+00:00","description":"Duinzicht in Walcheren: unieke groepsaccommodaties in monumentaal pand voor 18-61 personen. Vlak bij zee, strand en natuur. Beleef Zeeland samen!","breadcrumb":{"@id":"https:\/\/duinzicht.com\/de\/#breadcrumb"},"inLanguage":"de","potentialAction":[{"@type":"ReadAction","target":["https:\/\/duinzicht.com\/de\/"]}]},{"@type":"ImageObject","inLanguage":"de","@id":"https:\/\/duinzicht.com\/de\/#primaryimage","url":"https:\/\/duinzicht.com\/wp-content\/uploads\/2025\/10\/Duinzicht-buitenfoto_s-1.jpg","contentUrl":"https:\/\/duinzicht.com\/wp-content\/uploads\/2025\/10\/Duinzicht-buitenfoto_s-1.jpg","width":2000,"height":1333},{"@type":"BreadcrumbList","@id":"https:\/\/duinzicht.com\/de\/#breadcrumb","itemListElement":[{"@type":"ListItem","position":1,"name":"Home","item":"https:\/\/duinzicht.com\/de\/"},{"@type":"ListItem","position":2,"name":"Home"}]},{"@type":"WebSite","@id":"https:\/\/duinzicht.com\/#website","url":"https:\/\/duinzicht.com\/","name":"Duinzicht Vakantieverblijven","description":"Gelegen op het prachtige eiland Walcheren","publisher":{"@id":"https:\/\/duinzicht.com\/#organization"},"potentialAction":[{"@type":"SearchAction","target":{"@type":"EntryPoint","urlTemplate":"https:\/\/duinzicht.com\/?s={search_term_string}"},"query-input":{"@type":"PropertyValueSpecification","valueRequired":true,"valueName":"search_term_string"}}],"inLanguage":"de"},{"@type":"Organization","@id":"https:\/\/duinzicht.com\/#organization","name":"Vakantiepark TenZer","url":"https:\/\/duinzicht.com\/","logo":{"@type":"ImageObject","inLanguage":"de","@id":"https:\/\/duinzicht.com\/#\/schema\/logo\/image\/","url":"","contentUrl":"","caption":"Vakantiepark TenZer"},"image":{"@id":"https:\/\/duinzicht.com\/#\/schema\/logo\/image\/"},"sameAs":["https:\/\/www.facebook.com\/tenzeronline\/"]}]}},"_links":{"self":[{"href":"https:\/\/duinzicht.com\/de\/wp-json\/wp\/v2\/pages\/2594","targetHints":{"allow":["GET"]}}],"collection":[{"href":"https:\/\/duinzicht.com\/de\/wp-json\/wp\/v2\/pages"}],"about":[{"href":"https:\/\/duinzicht.com\/de\/wp-json\/wp\/v2\/types\/page"}],"author":[{"embeddable":true,"href":"https:\/\/duinzicht.com\/de\/wp-json\/wp\/v2\/users\/1"}],"replies":[{"embeddable":true,"href":"https:\/\/duinzicht.com\/de\/wp-json\/wp\/v2\/comments?post=2594"}],"version-history":[{"count":17,"href":"https:\/\/duinzicht.com\/de\/wp-json\/wp\/v2\/pages\/2594\/revisions"}],"predecessor-version":[{"id":3154,"href":"https:\/\/duinzicht.com\/de\/wp-json\/wp\/v2\/pages\/2594\/revisions\/3154"}],"wp:featuredmedia":[{"embeddable":true,"href":"https:\/\/duinzicht.com\/de\/wp-json\/wp\/v2\/media\/2902"}],"wp:attachment":[{"href":"https:\/\/duinzicht.com\/de\/wp-json\/wp\/v2\/media?parent=2594"}],"curies":[{"name":"wp","href":"https:\/\/api.w.org\/{rel}","templated":true}]}}