{"id":2680,"date":"2023-10-25T14:44:14","date_gmt":"2023-10-25T14:44:14","guid":{"rendered":"http:\/\/duinzicht.com\/?page_id=2680"},"modified":"2025-10-05T12:24:37","modified_gmt":"2025-10-05T12:24:37","slug":"kontakt","status":"publish","type":"page","link":"https:\/\/duinzicht.com\/de\/kontakt\/","title":{"rendered":"Kontakt"},"content":{"rendered":"<style type=\"text\/css\">\n    .header-heights {\n        height: 50vh;\n    }\n    .header-heights.home {\n        height: 70vh;\n    }\n    @media (max-width: 767px) {\n        .header-heights {\n            height: 50vh;\n        }\n        .header-heights.home {\n            height: 50vh;\n        }\n    }\n<\/style><section class=\"header-img\">\n        <div class=\"img-inner header-heights\" style=\"background-image: url(https:\/\/duinzicht.com\/wp-content\/uploads\/2023\/10\/duinzicht-header-1600x909.jpg);\"><div class=\"header_txt\">\n                <h3>Einzigartige Lage auf Walcheren<\/h3>\n                <h2><\/h2><\/div><div class=\"container zb-container\"><\/div><\/div><\/section>\n\n\n<h1 class=\"wp-block-heading\">Wir sind f\u00fcr Sie da!<\/h1>\n\n\n\n<p>Diese Website ist eine Demo-Website der Online-Marketing-Agentur TenZer. Sie haben Fragen, m\u00f6chten mehr Informationen zu Website-Entwicklung, Such- und Buchl\u00f6sungen oder AI Smart Assistant? Nehmen Sie gerne Kontakt mit uns auf, wir helfen Ihnen gerne weiter.<\/p>\n\n\n\n<div class=\"wp-block-columns is-layout-flex wp-container-core-columns-is-layout-9d6595d7 wp-block-columns-is-layout-flex\">\n<div class=\"wp-block-column is-layout-flow wp-block-column-is-layout-flow\" style=\"flex-basis:33.33%\"><div class=\"tz-naw\"><h3>Duinzicht Vakantieverblijven<\/h3>Diny Lievense<br>Poppekerkseweg 1-3-5<br>4361 JC Westkapelle<br> <a href=\"mailto:info@duinzicht.com\">info@duinzicht.com<\/a><\/div><\/div>\n\n\n\n<div class=\"wp-block-column is-layout-flow wp-block-column-is-layout-flow\" style=\"flex-basis:66.66%\"><div class=\"tz-googlemaps\"><iframe width=\"600\" height=\"450\" frameborder=\"0\" style=\"border:0\" src=\"https:\/\/www.google.com\/maps?q=Poppekerkseweg+1-3-5%2C+4361+JC+Westkapelle%2C+&#038;output=embed\" allowfullscreen loading=\"lazy\" referrerpolicy=\"no-referrer-when-downgrade\"><\/iframe><\/div><\/div>\n<\/div>\n\n\n\n<div class=\"wp-block-columns is-layout-flex wp-container-core-columns-is-layout-9d6595d7 wp-block-columns-is-layout-flex\">\n<div class=\"wp-block-column customholli is-layout-flow wp-block-column-is-layout-flow\"><div style=\"margin-top: -40px\" class=\"tz-omenom-container image-left color-kleur3\"><div class=\"container\"><div class=\"col6 omenom-image\"><\/div><div class=\"col4 omenom-content\"><h3>Vraag het onze AI Smart Assistant<\/h3><div class=\"omenom-editor\"><p>Hallo, ik ben Holli je persoonlijke AI Smart Assistent! Heb je vragen over je verblijf of het vakantiepark? Ik sta 24\/7 voor je klaar om je te helpen. Of je nu iets wilt weten over onze faciliteiten, het maken van een reservering of eropuit tips wil hebben, stuur me gerust een berichtje. Ik ben er om je verblijf zo zorgeloos mogelijk te maken!<\/p>\n<\/div><a target=\"_blank\" href=\"https:\/\/holli.nl\/functies\/\" class=\"omenom-button btn\">Bezoek de website<\/a><\/div><\/div><\/div><\/div>\n<\/div>\n","protected":false},"excerpt":{"rendered":"<p>Wir sind f\u00fcr Sie da! Diese Website ist eine Demo-Website der Online-Marketing-Agentur TenZer. Sie haben Fragen, m\u00f6chten mehr Informationen zu Website-Entwicklung, Such- und Buchl\u00f6sungen oder AI Smart Assistant? Nehmen Sie gerne Kontakt mit uns auf, wir helfen Ihnen gerne weiter.<\/p>\n","protected":false},"author":1,"featured_media":0,"parent":0,"menu_order":0,"comment_status":"closed","ping_status":"closed","template":"","meta":{"_acf_changed":false,"footnotes":""},"class_list":["post-2680","page","type-page","status-publish","hentry"],"acf":[],"yoast_head":"<!-- This site is optimized with the Yoast SEO plugin v27.4 - https:\/\/yoast.com\/product\/yoast-seo-wordpress\/ -->\n<title>Kontakt | Duinzicht Vakantieverblijven<\/title>\n<meta name=\"robots\" content=\"index, follow, max-snippet:-1, max-image-preview:large, max-video-preview:-1\" \/>\n<link rel=\"canonical\" href=\"https:\/\/duinzicht.com\/de\/kontakt\/\" \/>\n<meta property=\"og:locale\" content=\"de_DE\" \/>\n<meta property=\"og:type\" content=\"article\" \/>\n<meta property=\"og:title\" content=\"Kontakt | Duinzicht Vakantieverblijven\" \/>\n<meta property=\"og:description\" content=\"Wir sind f\u00fcr Sie da! Diese Website ist eine Demo-Website der Online-Marketing-Agentur TenZer. Sie haben Fragen, m\u00f6chten mehr Informationen zu Website-Entwicklung, Such- und Buchl\u00f6sungen oder AI Smart Assistant? Nehmen Sie gerne Kontakt mit uns auf, wir helfen Ihnen gerne weiter.\" \/>\n<meta property=\"og:url\" content=\"https:\/\/duinzicht.com\/de\/kontakt\/\" \/>\n<meta property=\"og:site_name\" content=\"Duinzicht Vakantieverblijven\" \/>\n<meta property=\"article:publisher\" content=\"https:\/\/www.facebook.com\/tenzeronline\/\" \/>\n<meta property=\"article:modified_time\" content=\"2025-10-05T12:24:37+00:00\" \/>\n<meta property=\"og:image\" content=\"https:\/\/duinzicht.com\/wp-content\/uploads\/2025\/09\/gal1.jpg\" \/>\n\t<meta property=\"og:image:width\" content=\"754\" \/>\n\t<meta property=\"og:image:height\" content=\"793\" \/>\n\t<meta property=\"og:image:type\" content=\"image\/jpeg\" \/>\n<meta name=\"twitter:card\" content=\"summary_large_image\" \/>\n<meta name=\"twitter:label1\" content=\"Gesch\u00e4tzte Lesezeit\" \/>\n\t<meta name=\"twitter:data1\" content=\"1\u00a0Minute\" \/>\n<script type=\"application\/ld+json\" class=\"yoast-schema-graph\">{\"@context\":\"https:\\\/\\\/schema.org\",\"@graph\":[{\"@type\":\"WebPage\",\"@id\":\"https:\\\/\\\/duinzicht.com\\\/de\\\/kontakt\\\/\",\"url\":\"https:\\\/\\\/duinzicht.com\\\/de\\\/kontakt\\\/\",\"name\":\"Kontakt | Duinzicht Vakantieverblijven\",\"isPartOf\":{\"@id\":\"https:\\\/\\\/duinzicht.com\\\/#website\"},\"datePublished\":\"2023-10-25T14:44:14+00:00\",\"dateModified\":\"2025-10-05T12:24:37+00:00\",\"breadcrumb\":{\"@id\":\"https:\\\/\\\/duinzicht.com\\\/de\\\/kontakt\\\/#breadcrumb\"},\"inLanguage\":\"de\",\"potentialAction\":[{\"@type\":\"ReadAction\",\"target\":[\"https:\\\/\\\/duinzicht.com\\\/de\\\/kontakt\\\/\"]}]},{\"@type\":\"BreadcrumbList\",\"@id\":\"https:\\\/\\\/duinzicht.com\\\/de\\\/kontakt\\\/#breadcrumb\",\"itemListElement\":[{\"@type\":\"ListItem\",\"position\":1,\"name\":\"Home\",\"item\":\"https:\\\/\\\/duinzicht.com\\\/de\\\/\"},{\"@type\":\"ListItem\",\"position\":2,\"name\":\"Kontakt\"}]},{\"@type\":\"WebSite\",\"@id\":\"https:\\\/\\\/duinzicht.com\\\/#website\",\"url\":\"https:\\\/\\\/duinzicht.com\\\/\",\"name\":\"Duinzicht Vakantieverblijven\",\"description\":\"Gelegen op het prachtige eiland Walcheren\",\"publisher\":{\"@id\":\"https:\\\/\\\/duinzicht.com\\\/#organization\"},\"potentialAction\":[{\"@type\":\"SearchAction\",\"target\":{\"@type\":\"EntryPoint\",\"urlTemplate\":\"https:\\\/\\\/duinzicht.com\\\/?s={search_term_string}\"},\"query-input\":{\"@type\":\"PropertyValueSpecification\",\"valueRequired\":true,\"valueName\":\"search_term_string\"}}],\"inLanguage\":\"de\"},{\"@type\":\"Organization\",\"@id\":\"https:\\\/\\\/duinzicht.com\\\/#organization\",\"name\":\"Vakantiepark TenZer\",\"url\":\"https:\\\/\\\/duinzicht.com\\\/\",\"logo\":{\"@type\":\"ImageObject\",\"inLanguage\":\"de\",\"@id\":\"https:\\\/\\\/duinzicht.com\\\/#\\\/schema\\\/logo\\\/image\\\/\",\"url\":\"\",\"contentUrl\":\"\",\"caption\":\"Vakantiepark TenZer\"},\"image\":{\"@id\":\"https:\\\/\\\/duinzicht.com\\\/#\\\/schema\\\/logo\\\/image\\\/\"},\"sameAs\":[\"https:\\\/\\\/www.facebook.com\\\/tenzeronline\\\/\"]}]}<\/script>\n<!-- \/ Yoast SEO plugin. -->","yoast_head_json":{"title":"Kontakt | Duinzicht Vakantieverblijven","robots":{"index":"index","follow":"follow","max-snippet":"max-snippet:-1","max-image-preview":"max-image-preview:large","max-video-preview":"max-video-preview:-1"},"canonical":"https:\/\/duinzicht.com\/de\/kontakt\/","og_locale":"de_DE","og_type":"article","og_title":"Kontakt | Duinzicht Vakantieverblijven","og_description":"Wir sind f\u00fcr Sie da! Diese Website ist eine Demo-Website der Online-Marketing-Agentur TenZer. Sie haben Fragen, m\u00f6chten mehr Informationen zu Website-Entwicklung, Such- und Buchl\u00f6sungen oder AI Smart Assistant? Nehmen Sie gerne Kontakt mit uns auf, wir helfen Ihnen gerne weiter.","og_url":"https:\/\/duinzicht.com\/de\/kontakt\/","og_site_name":"Duinzicht Vakantieverblijven","article_publisher":"https:\/\/www.facebook.com\/tenzeronline\/","article_modified_time":"2025-10-05T12:24:37+00:00","og_image":[{"width":754,"height":793,"url":"https:\/\/duinzicht.com\/wp-content\/uploads\/2025\/09\/gal1.jpg","type":"image\/jpeg"}],"twitter_card":"summary_large_image","twitter_misc":{"Gesch\u00e4tzte Lesezeit":"1\u00a0Minute"},"schema":{"@context":"https:\/\/schema.org","@graph":[{"@type":"WebPage","@id":"https:\/\/duinzicht.com\/de\/kontakt\/","url":"https:\/\/duinzicht.com\/de\/kontakt\/","name":"Kontakt | Duinzicht Vakantieverblijven","isPartOf":{"@id":"https:\/\/duinzicht.com\/#website"},"datePublished":"2023-10-25T14:44:14+00:00","dateModified":"2025-10-05T12:24:37+00:00","breadcrumb":{"@id":"https:\/\/duinzicht.com\/de\/kontakt\/#breadcrumb"},"inLanguage":"de","potentialAction":[{"@type":"ReadAction","target":["https:\/\/duinzicht.com\/de\/kontakt\/"]}]},{"@type":"BreadcrumbList","@id":"https:\/\/duinzicht.com\/de\/kontakt\/#breadcrumb","itemListElement":[{"@type":"ListItem","position":1,"name":"Home","item":"https:\/\/duinzicht.com\/de\/"},{"@type":"ListItem","position":2,"name":"Kontakt"}]},{"@type":"WebSite","@id":"https:\/\/duinzicht.com\/#website","url":"https:\/\/duinzicht.com\/","name":"Duinzicht Vakantieverblijven","description":"Gelegen op het prachtige eiland Walcheren","publisher":{"@id":"https:\/\/duinzicht.com\/#organization"},"potentialAction":[{"@type":"SearchAction","target":{"@type":"EntryPoint","urlTemplate":"https:\/\/duinzicht.com\/?s={search_term_string}"},"query-input":{"@type":"PropertyValueSpecification","valueRequired":true,"valueName":"search_term_string"}}],"inLanguage":"de"},{"@type":"Organization","@id":"https:\/\/duinzicht.com\/#organization","name":"Vakantiepark TenZer","url":"https:\/\/duinzicht.com\/","logo":{"@type":"ImageObject","inLanguage":"de","@id":"https:\/\/duinzicht.com\/#\/schema\/logo\/image\/","url":"","contentUrl":"","caption":"Vakantiepark TenZer"},"image":{"@id":"https:\/\/duinzicht.com\/#\/schema\/logo\/image\/"},"sameAs":["https:\/\/www.facebook.com\/tenzeronline\/"]}]}},"_links":{"self":[{"href":"https:\/\/duinzicht.com\/de\/wp-json\/wp\/v2\/pages\/2680","targetHints":{"allow":["GET"]}}],"collection":[{"href":"https:\/\/duinzicht.com\/de\/wp-json\/wp\/v2\/pages"}],"about":[{"href":"https:\/\/duinzicht.com\/de\/wp-json\/wp\/v2\/types\/page"}],"author":[{"embeddable":true,"href":"https:\/\/duinzicht.com\/de\/wp-json\/wp\/v2\/users\/1"}],"replies":[{"embeddable":true,"href":"https:\/\/duinzicht.com\/de\/wp-json\/wp\/v2\/comments?post=2680"}],"version-history":[{"count":2,"href":"https:\/\/duinzicht.com\/de\/wp-json\/wp\/v2\/pages\/2680\/revisions"}],"predecessor-version":[{"id":3215,"href":"https:\/\/duinzicht.com\/de\/wp-json\/wp\/v2\/pages\/2680\/revisions\/3215"}],"wp:attachment":[{"href":"https:\/\/duinzicht.com\/de\/wp-json\/wp\/v2\/media?parent=2680"}],"curies":[{"name":"wp","href":"https:\/\/api.w.org\/{rel}","templated":true}]}}