{"id":3167,"date":"2025-10-03T11:58:35","date_gmt":"2025-10-03T11:58:35","guid":{"rendered":"http:\/\/duinzicht.com\/?page_id=3167"},"modified":"2025-10-05T10:41:15","modified_gmt":"2025-10-05T10:41:15","slug":"duinzicht-3","status":"publish","type":"page","link":"https:\/\/duinzicht.com\/de\/groepsaccommodaties\/duinzicht-3\/","title":{"rendered":"Duinzicht 3"},"content":{"rendered":"\n<div class=\"wp-block-columns is-layout-flex wp-container-core-columns-is-layout-9d6595d7 wp-block-columns-is-layout-flex\">\n<div class=\"wp-block-column is-layout-flow wp-block-column-is-layout-flow\" style=\"flex-basis:66.66%\"><section class=\"gallery-section top-gallery\"><h3>Bekijk alle foto&#039;s<\/h3><div class=\"gallery gallery-columns-4 gallery-size-medium\"><figure class=\"gallery-item acco1\"><div class=\"gallery-icon\"><a href=\"https:\/\/duinzicht.com\/wp-content\/uploads\/2025\/10\/Duinzicht-3-1-1.jpg\" data-fancybox=\"gallery\"><img src=\"https:\/\/duinzicht.com\/wp-content\/uploads\/2025\/10\/Duinzicht-3-1-1-1066x1600.jpg\" class=\"attachment-large size-large\" alt=\"\" decoding=\"async\" fetchpriority=\"high\"><\/a><\/div><\/figure><figure class=\"gallery-item acco2\"><div class=\"gallery-icon\"><a href=\"https:\/\/duinzicht.com\/wp-content\/uploads\/2025\/10\/Duinzicht-3-2-1.jpg\" data-fancybox=\"gallery\"><img src=\"https:\/\/duinzicht.com\/wp-content\/uploads\/2025\/10\/Duinzicht-3-2-1-750x563.jpg\" class=\"attachment-medium size-medium\" alt=\"\" decoding=\"async\" fetchpriority=\"high\"><\/a><\/div><\/figure><figure class=\"gallery-item acco3\"><div class=\"gallery-icon\"><a href=\"https:\/\/duinzicht.com\/wp-content\/uploads\/2025\/10\/Duinzicht-3-14.jpg\" data-fancybox=\"gallery\"><img src=\"https:\/\/duinzicht.com\/wp-content\/uploads\/2025\/10\/Duinzicht-3-14-750x563.jpg\" class=\"attachment-medium size-medium\" alt=\"\" decoding=\"async\" fetchpriority=\"high\"><\/a><\/div><\/figure><figure class=\"gallery-item acco4\"><div class=\"gallery-icon\"><a href=\"https:\/\/duinzicht.com\/wp-content\/uploads\/2025\/10\/Duinzicht-3-4.jpg\" data-fancybox=\"gallery\"><img src=\"https:\/\/duinzicht.com\/wp-content\/uploads\/2025\/10\/Duinzicht-3-4-750x563.jpg\" class=\"attachment-medium size-medium\" alt=\"\" decoding=\"async\" fetchpriority=\"high\"><\/a><\/div><\/figure><figure class=\"gallery-item\"><div class=\"gallery-icon\"><a href=\"https:\/\/duinzicht.com\/wp-content\/uploads\/2025\/10\/Duinzicht-3-3-1.jpg\" data-fancybox=\"gallery\"><img src=\"https:\/\/duinzicht.com\/wp-content\/uploads\/2025\/10\/Duinzicht-3-3-1-750x563.jpg\" class=\"attachment-medium size-medium\" alt=\"\" decoding=\"async\" fetchpriority=\"high\"><\/a><\/div><\/figure><figure class=\"gallery-item\"><div class=\"gallery-icon\"><a href=\"https:\/\/duinzicht.com\/wp-content\/uploads\/2025\/10\/Duinzicht-3-10.jpg\" data-fancybox=\"gallery\"><img src=\"https:\/\/duinzicht.com\/wp-content\/uploads\/2025\/10\/Duinzicht-3-10-750x500.jpg\" class=\"attachment-medium size-medium\" alt=\"\" decoding=\"async\" fetchpriority=\"high\"><\/a><\/div><\/figure><figure class=\"gallery-item\"><div class=\"gallery-icon\"><a href=\"https:\/\/duinzicht.com\/wp-content\/uploads\/2025\/10\/Duinzicht-3-18-1.jpg\" data-fancybox=\"gallery\"><img src=\"https:\/\/duinzicht.com\/wp-content\/uploads\/2025\/10\/Duinzicht-3-18-1-750x563.jpg\" class=\"attachment-medium size-medium\" alt=\"\" decoding=\"async\" fetchpriority=\"high\"><\/a><\/div><\/figure><figure class=\"gallery-item\"><div class=\"gallery-icon\"><a href=\"https:\/\/duinzicht.com\/wp-content\/uploads\/2025\/10\/Duinzicht-3-9-1.jpg\" data-fancybox=\"gallery\"><img src=\"https:\/\/duinzicht.com\/wp-content\/uploads\/2025\/10\/Duinzicht-3-9-1-750x563.jpg\" class=\"attachment-medium size-medium\" alt=\"\" decoding=\"async\" fetchpriority=\"high\"><\/a><\/div><\/figure><figure class=\"gallery-item\"><div class=\"gallery-icon\"><a href=\"https:\/\/duinzicht.com\/wp-content\/uploads\/2025\/10\/Duinzicht-3-8-1.jpg\" data-fancybox=\"gallery\"><img src=\"https:\/\/duinzicht.com\/wp-content\/uploads\/2025\/10\/Duinzicht-3-8-1-750x563.jpg\" class=\"attachment-medium size-medium\" alt=\"\" decoding=\"async\" fetchpriority=\"high\"><\/a><\/div><\/figure><figure class=\"gallery-item\"><div class=\"gallery-icon\"><a href=\"https:\/\/duinzicht.com\/wp-content\/uploads\/2025\/10\/Duinzicht-3-7-1.jpg\" data-fancybox=\"gallery\"><img src=\"https:\/\/duinzicht.com\/wp-content\/uploads\/2025\/10\/Duinzicht-3-7-1-563x750.jpg\" class=\"attachment-medium size-medium\" alt=\"\" decoding=\"async\" fetchpriority=\"high\"><\/a><\/div><\/figure><figure class=\"gallery-item\"><div class=\"gallery-icon\"><a href=\"https:\/\/duinzicht.com\/wp-content\/uploads\/2025\/10\/Duinzicht-3-6.jpg\" data-fancybox=\"gallery\"><img src=\"https:\/\/duinzicht.com\/wp-content\/uploads\/2025\/10\/Duinzicht-3-6-563x750.jpg\" class=\"attachment-medium size-medium\" alt=\"\" decoding=\"async\" fetchpriority=\"high\"><\/a><\/div><\/figure><figure class=\"gallery-item\"><div class=\"gallery-icon\"><a href=\"https:\/\/duinzicht.com\/wp-content\/uploads\/2025\/10\/Duinzicht-3-5.jpg\" data-fancybox=\"gallery\"><img src=\"https:\/\/duinzicht.com\/wp-content\/uploads\/2025\/10\/Duinzicht-3-5-750x563.jpg\" class=\"attachment-medium size-medium\" alt=\"\" decoding=\"async\" fetchpriority=\"high\"><\/a><\/div><\/figure><figure class=\"gallery-item\"><div class=\"gallery-icon\"><a href=\"https:\/\/duinzicht.com\/wp-content\/uploads\/2025\/10\/Duinzicht-3-17.jpg\" data-fancybox=\"gallery\"><img src=\"https:\/\/duinzicht.com\/wp-content\/uploads\/2025\/10\/Duinzicht-3-17-563x750.jpg\" class=\"attachment-medium size-medium\" alt=\"\" decoding=\"async\" fetchpriority=\"high\"><\/a><\/div><\/figure><figure class=\"gallery-item\"><div class=\"gallery-icon\"><a href=\"https:\/\/duinzicht.com\/wp-content\/uploads\/2025\/10\/Duinzicht-3-16-1.jpg\" data-fancybox=\"gallery\"><img src=\"https:\/\/duinzicht.com\/wp-content\/uploads\/2025\/10\/Duinzicht-3-16-1-750x563.jpg\" class=\"attachment-medium size-medium\" alt=\"\" decoding=\"async\" fetchpriority=\"high\"><\/a><\/div><\/figure><figure class=\"gallery-item\"><div class=\"gallery-icon\"><a href=\"https:\/\/duinzicht.com\/wp-content\/uploads\/2025\/10\/Duinzicht-3-15.jpg\" data-fancybox=\"gallery\"><img src=\"https:\/\/duinzicht.com\/wp-content\/uploads\/2025\/10\/Duinzicht-3-15-750x563.jpg\" class=\"attachment-medium size-medium\" alt=\"\" decoding=\"async\" fetchpriority=\"high\"><\/a><\/div><\/figure><figure class=\"gallery-item\"><div class=\"gallery-icon\"><a href=\"https:\/\/duinzicht.com\/wp-content\/uploads\/2025\/10\/Duinzicht-3-13.jpg\" data-fancybox=\"gallery\"><img src=\"https:\/\/duinzicht.com\/wp-content\/uploads\/2025\/10\/Duinzicht-3-13-750x563.jpg\" class=\"attachment-medium size-medium\" alt=\"\" decoding=\"async\" fetchpriority=\"high\"><\/a><\/div><\/figure><figure class=\"gallery-item\"><div class=\"gallery-icon\"><a href=\"https:\/\/duinzicht.com\/wp-content\/uploads\/2025\/10\/Duinzicht-3-12.jpg\" data-fancybox=\"gallery\"><img src=\"https:\/\/duinzicht.com\/wp-content\/uploads\/2025\/10\/Duinzicht-3-12-750x563.jpg\" class=\"attachment-medium size-medium\" alt=\"\" decoding=\"async\" fetchpriority=\"high\"><\/a><\/div><\/figure><figure class=\"gallery-item\"><div class=\"gallery-icon\"><a href=\"https:\/\/duinzicht.com\/wp-content\/uploads\/2025\/10\/Duinzicht-3-11.jpg\" data-fancybox=\"gallery\"><img src=\"https:\/\/duinzicht.com\/wp-content\/uploads\/2025\/10\/Duinzicht-3-11-750x563.jpg\" class=\"attachment-medium size-medium\" alt=\"\" decoding=\"async\" fetchpriority=\"high\"><\/a><\/div><\/figure><figure class=\"gallery-item\"><div class=\"gallery-icon\"><a href=\"https:\/\/duinzicht.com\/wp-content\/uploads\/2025\/10\/Duinzicht-buitenfoto_s-8.jpg\" data-fancybox=\"gallery\"><img src=\"https:\/\/duinzicht.com\/wp-content\/uploads\/2025\/10\/Duinzicht-buitenfoto_s-8-750x421.jpg\" class=\"attachment-medium size-medium\" alt=\"\" decoding=\"async\" fetchpriority=\"high\"><\/a><\/div><\/figure><figure class=\"gallery-item\"><div class=\"gallery-icon\"><a href=\"https:\/\/duinzicht.com\/wp-content\/uploads\/2025\/10\/Duinzicht-buitenfoto_s-11.jpg\" data-fancybox=\"gallery\"><img src=\"https:\/\/duinzicht.com\/wp-content\/uploads\/2025\/10\/Duinzicht-buitenfoto_s-11-750x563.jpg\" class=\"attachment-medium size-medium\" alt=\"\" decoding=\"async\" fetchpriority=\"high\"><\/a><\/div><\/figure><figure class=\"gallery-item\"><div class=\"gallery-icon\"><a href=\"https:\/\/duinzicht.com\/wp-content\/uploads\/2025\/10\/Duinzicht-buitenfoto_s-7.jpg\" data-fancybox=\"gallery\"><img src=\"https:\/\/duinzicht.com\/wp-content\/uploads\/2025\/10\/Duinzicht-buitenfoto_s-7-750x421.jpg\" class=\"attachment-medium size-medium\" alt=\"\" decoding=\"async\" fetchpriority=\"high\"><\/a><\/div><\/figure><figure class=\"gallery-item\"><div class=\"gallery-icon\"><a href=\"https:\/\/duinzicht.com\/wp-content\/uploads\/2025\/10\/Duinzicht-buitenfoto_s-4.jpg\" data-fancybox=\"gallery\"><img src=\"https:\/\/duinzicht.com\/wp-content\/uploads\/2025\/10\/Duinzicht-buitenfoto_s-4-750x500.jpg\" class=\"attachment-medium size-medium\" alt=\"\" decoding=\"async\" fetchpriority=\"high\"><\/a><\/div><\/figure><figure class=\"gallery-item\"><div class=\"gallery-icon\"><a href=\"https:\/\/duinzicht.com\/wp-content\/uploads\/2025\/10\/Duinzicht-buitenfoto_s-10.jpg\" data-fancybox=\"gallery\"><img src=\"https:\/\/duinzicht.com\/wp-content\/uploads\/2025\/10\/Duinzicht-buitenfoto_s-10-750x563.jpg\" class=\"attachment-medium size-medium\" alt=\"\" decoding=\"async\" fetchpriority=\"high\"><\/a><\/div><\/figure><\/div><\/section>\n\n\n\n<h1 class=\"wp-block-heading\">Duinzicht 3 \u2013 gro\u00dfes Ferienhaus f\u00fcr Gruppen bis zu 20 Personen<\/h1>\n\n\n\n<p>Duinzicht 3 ist ein komfortables und ger\u00e4umiges Ferienhaus f\u00fcr Gruppen bis zu 20 Personen. Das Haus verf\u00fcgt \u00fcber sieben Schlafzimmer, eines davon im Erdgeschoss und drei mit eigenem Bad. Die K\u00fcche ist modern ausgestattet mit Backofen, Mikrowelle, Geschirrsp\u00fcler, Alex Meijer Excelso-Kaffeemaschine, K\u00fchlschrank und Gefrierschrank. Das Wohnzimmer ist gem\u00fctlich eingerichtet und verf\u00fcgt \u00fcber einen Fernseher. Drau\u00dfen gibt es einen Garten mit Terrasse und Gartenm\u00f6beln sowie einen privaten Parkplatz. Das Haus ist rollstuhlgerecht, mit WLAN ausgestattet und rauchfrei. Haustiere sind erlaubt, und auf dem Gel\u00e4nde befindet sich ein Spielplatz.<\/p>\n\n\n\n<p>Der Strand liegt etwa einen Kilometer vom Haus entfernt. In der n\u00e4heren Umgebung befinden sich das Dorf Westkapelle mit Gesch\u00e4ften und Restaurants sowie verschiedene Rad- und Wanderwege, die durch die zeel\u00e4ndische Landschaft verlaufen.<\/p>\n\n\n\n<div class=\"wp-block-columns is-layout-flex wp-container-core-columns-is-layout-9d6595d7 wp-block-columns-is-layout-flex\">\n<div class=\"wp-block-column is-layout-flow wp-block-column-is-layout-flow\">\n<h3 class=\"wp-block-heading\">Allgemein<\/h3>\n\n\n\n<ul class=\"wp-block-list\">\n<li>20 Personen<\/li>\n<\/ul>\n\n\n\n<h3 class=\"wp-block-heading\">K\u00fcche<\/h3>\n\n\n\n<ul class=\"wp-block-list\">\n<li>Backofen<\/li>\n\n\n\n<li>Mikrowelle<\/li>\n\n\n\n<li>Geschirrsp\u00fcler<\/li>\n\n\n\n<li>Alex Meijer Excelso Kaffeemaschine<\/li>\n\n\n\n<li>K\u00fchlschrank<\/li>\n\n\n\n<li>Gefrierschrank<\/li>\n<\/ul>\n\n\n\n<h3 class=\"wp-block-heading\">Andere<\/h3>\n\n\n\n<ul class=\"wp-block-list\">\n<li>Kinderbetten<\/li>\n\n\n\n<li>WLAN<\/li>\n\n\n\n<li>Garten mit Terrasse<\/li>\n\n\n\n<li>Gartenm\u00f6bel<\/li>\n\n\n\n<li>Privatparkplatz<\/li>\n\n\n\n<li>Rollstuhlgerecht<\/li>\n\n\n\n<li>Haustiere erlaubt<\/li>\n\n\n\n<li>Rauchfrei<\/li>\n<\/ul>\n<\/div>\n\n\n\n<div class=\"wp-block-column is-layout-flow wp-block-column-is-layout-flow\">\n<h3 class=\"wp-block-heading\">Wohnzimmer<\/h3>\n\n\n\n<ul class=\"wp-block-list\">\n<li>Fernseher<\/li>\n<\/ul>\n\n\n\n<h3 class=\"wp-block-heading\">Schlafzimmer &amp; Badezimmer<\/h3>\n\n\n\n<ul class=\"wp-block-list\">\n<li>Insgesamt 7 Schlafzimmer<\/li>\n\n\n\n<li>1 Schlafzimmer im Erdgeschoss<\/li>\n\n\n\n<li>3 Schlafzimmer mit eigenem Bad<\/li>\n\n\n\n<li>20 Einzelbetten<\/li>\n\n\n\n<li>Bettdecken und Kissen vorhanden<\/li>\n\n\n\n<li>2 Badezimmer<\/li>\n\n\n\n<li>2 Toiletten<\/li>\n\n\n\n<li>Barrierefreies Badezimmer<\/li>\n<\/ul>\n\n\n\n<h3 class=\"wp-block-heading\">Einrichtungen<\/h3>\n\n\n\n<ul class=\"wp-block-list\">\n<li>Spielplatz<\/li>\n<\/ul>\n<\/div>\n<\/div>\n<\/div>\n\n\n\n<div class=\"wp-block-column is-layout-flow wp-block-column-is-layout-flow\" style=\"flex-basis:33.33%\"><div class=\"detailzbtitan\">\r\n<h3>Verf\u00fcgbarkeit<\/h3>\r\n<div class=\"harbor-main-widget harbor-titan\">\r\n<div is=\"titan\" :enable-daterange-picker=\"true\" :global=\"true\" :accommodation-id=\"2\" direction=\"left\" :metrics=\"true\" >&nbsp;<\/div>\r\n<\/div>\r\n<\/div><\/div>\n\n\n\n<div class=\"wp-block-column is-layout-flow wp-block-column-is-layout-flow\"><\/div>\n\n\n\n<div class=\"wp-block-column is-layout-flow wp-block-column-is-layout-flow\"><\/div>\n\n\n\n<div class=\"wp-block-column is-layout-flow wp-block-column-is-layout-flow\"><\/div>\n<\/div>\n\n\n<style type='text\/css'>\n        #tz-spacer-69e5eb92611a4 {\n            \n        }\n    <\/style><div id='tz-spacer-69e5eb92611a4' class='tz-spacer'><\/div>\n\n\n<div class=\"wp-block-columns is-style-groen-full-width is-style-light-full-width is-layout-flex wp-container-core-columns-is-layout-9d6595d7 wp-block-columns-is-layout-flex\">\n<div class=\"wp-block-column is-layout-flow wp-block-column-is-layout-flow\">\n<h3 class=\"wp-block-heading\">Verf\u00fcgbarkeit und Preise<\/h3>\n\n\n<div class=\"harbor-main-widget\">\r\n<div is=\"rhea\" :global=\"true\" :global=\"true\"  :show-price=\"true\" :accommodation-id=\"2\"  :is-hide-info-period-label=\"true\" :is-override-default-people=\"false\">&nbsp;<\/div>\r\n<\/div>\t<\/div>\n<\/div>\n","protected":false},"excerpt":{"rendered":"<p>Duinzicht 3 \u2013 gro\u00dfes Ferienhaus f\u00fcr Gruppen bis zu 20 Personen Duinzicht 3 ist ein komfortables und ger\u00e4umiges Ferienhaus f\u00fcr Gruppen bis zu 20 Personen. Das Haus verf\u00fcgt \u00fcber sieben Schlafzimmer, eines davon im Erdgeschoss und drei mit eigenem Bad. Die K\u00fcche ist modern ausgestattet mit Backofen, Mikrowelle, Geschirrsp\u00fcler, Alex Meijer Excelso-Kaffeemaschine, K\u00fchlschrank und Gefrierschrank. [&hellip;]<\/p>\n","protected":false},"author":1,"featured_media":2961,"parent":2676,"menu_order":0,"comment_status":"closed","ping_status":"closed","template":"","meta":{"_acf_changed":false,"footnotes":""},"class_list":["post-3167","page","type-page","status-publish","has-post-thumbnail","hentry"],"acf":[],"yoast_head":"<!-- This site is optimized with the Yoast SEO plugin v27.4 - https:\/\/yoast.com\/product\/yoast-seo-wordpress\/ -->\n<title>Duinzicht 3 \u2013 Komfortables Gruppenhaus f\u00fcr 20 Personen in Zeeland<\/title>\n<meta name=\"description\" content=\"Duinzicht 3 bietet Platz f\u00fcr 20 Personen und verf\u00fcgt \u00fcber eine moderne K\u00fcche, Garten und eigene B\u00e4der. In der N\u00e4he des Strandes und des Zentrums von Westkapelle.\" \/>\n<meta name=\"robots\" content=\"index, follow, max-snippet:-1, max-image-preview:large, max-video-preview:-1\" \/>\n<link rel=\"canonical\" href=\"https:\/\/duinzicht.com\/de\/groepsaccommodaties\/duinzicht-3\/\" \/>\n<meta property=\"og:locale\" content=\"de_DE\" \/>\n<meta property=\"og:type\" content=\"article\" \/>\n<meta property=\"og:title\" content=\"Duinzicht 3 \u2013 Komfortables Gruppenhaus f\u00fcr 20 Personen in Zeeland\" \/>\n<meta property=\"og:description\" content=\"Duinzicht 3 bietet Platz f\u00fcr 20 Personen und verf\u00fcgt \u00fcber eine moderne K\u00fcche, Garten und eigene B\u00e4der. In der N\u00e4he des Strandes und des Zentrums von Westkapelle.\" \/>\n<meta property=\"og:url\" content=\"https:\/\/duinzicht.com\/de\/groepsaccommodaties\/duinzicht-3\/\" \/>\n<meta property=\"og:site_name\" content=\"Duinzicht Vakantieverblijven\" \/>\n<meta property=\"article:publisher\" content=\"https:\/\/www.facebook.com\/tenzeronline\/\" \/>\n<meta property=\"article:modified_time\" content=\"2025-10-05T10:41:15+00:00\" \/>\n<meta property=\"og:image\" content=\"https:\/\/duinzicht.com\/wp-content\/uploads\/2025\/10\/Duinzicht-3-1-1.jpg\" \/>\n\t<meta property=\"og:image:width\" content=\"1333\" \/>\n\t<meta property=\"og:image:height\" content=\"2000\" \/>\n\t<meta property=\"og:image:type\" content=\"image\/jpeg\" \/>\n<meta name=\"twitter:card\" content=\"summary_large_image\" \/>\n<meta name=\"twitter:label1\" content=\"Gesch\u00e4tzte Lesezeit\" \/>\n\t<meta name=\"twitter:data1\" content=\"2\u00a0Minuten\" \/>\n<script type=\"application\/ld+json\" class=\"yoast-schema-graph\">{\"@context\":\"https:\\\/\\\/schema.org\",\"@graph\":[{\"@type\":\"WebPage\",\"@id\":\"https:\\\/\\\/duinzicht.com\\\/de\\\/groepsaccommodaties\\\/duinzicht-3\\\/\",\"url\":\"https:\\\/\\\/duinzicht.com\\\/de\\\/groepsaccommodaties\\\/duinzicht-3\\\/\",\"name\":\"Duinzicht 3 \u2013 Komfortables Gruppenhaus f\u00fcr 20 Personen in Zeeland\",\"isPartOf\":{\"@id\":\"https:\\\/\\\/duinzicht.com\\\/#website\"},\"primaryImageOfPage\":{\"@id\":\"https:\\\/\\\/duinzicht.com\\\/de\\\/groepsaccommodaties\\\/duinzicht-3\\\/#primaryimage\"},\"image\":{\"@id\":\"https:\\\/\\\/duinzicht.com\\\/de\\\/groepsaccommodaties\\\/duinzicht-3\\\/#primaryimage\"},\"thumbnailUrl\":\"https:\\\/\\\/duinzicht.com\\\/wp-content\\\/uploads\\\/2025\\\/10\\\/Duinzicht-3-1-1.jpg\",\"datePublished\":\"2025-10-03T11:58:35+00:00\",\"dateModified\":\"2025-10-05T10:41:15+00:00\",\"description\":\"Duinzicht 3 bietet Platz f\u00fcr 20 Personen und verf\u00fcgt \u00fcber eine moderne K\u00fcche, Garten und eigene B\u00e4der. In der N\u00e4he des Strandes und des Zentrums von Westkapelle.\",\"breadcrumb\":{\"@id\":\"https:\\\/\\\/duinzicht.com\\\/de\\\/groepsaccommodaties\\\/duinzicht-3\\\/#breadcrumb\"},\"inLanguage\":\"de\",\"potentialAction\":[{\"@type\":\"ReadAction\",\"target\":[\"https:\\\/\\\/duinzicht.com\\\/de\\\/groepsaccommodaties\\\/duinzicht-3\\\/\"]}]},{\"@type\":\"ImageObject\",\"inLanguage\":\"de\",\"@id\":\"https:\\\/\\\/duinzicht.com\\\/de\\\/groepsaccommodaties\\\/duinzicht-3\\\/#primaryimage\",\"url\":\"https:\\\/\\\/duinzicht.com\\\/wp-content\\\/uploads\\\/2025\\\/10\\\/Duinzicht-3-1-1.jpg\",\"contentUrl\":\"https:\\\/\\\/duinzicht.com\\\/wp-content\\\/uploads\\\/2025\\\/10\\\/Duinzicht-3-1-1.jpg\",\"width\":1333,\"height\":2000},{\"@type\":\"BreadcrumbList\",\"@id\":\"https:\\\/\\\/duinzicht.com\\\/de\\\/groepsaccommodaties\\\/duinzicht-3\\\/#breadcrumb\",\"itemListElement\":[{\"@type\":\"ListItem\",\"position\":1,\"name\":\"Home\",\"item\":\"https:\\\/\\\/duinzicht.com\\\/de\\\/\"},{\"@type\":\"ListItem\",\"position\":2,\"name\":\"Groepsaccommodaties\",\"item\":\"https:\\\/\\\/duinzicht.com\\\/de\\\/groepsaccommodaties\\\/\"},{\"@type\":\"ListItem\",\"position\":3,\"name\":\"Duinzicht 3\"}]},{\"@type\":\"WebSite\",\"@id\":\"https:\\\/\\\/duinzicht.com\\\/#website\",\"url\":\"https:\\\/\\\/duinzicht.com\\\/\",\"name\":\"Duinzicht Vakantieverblijven\",\"description\":\"Gelegen op het prachtige eiland Walcheren\",\"publisher\":{\"@id\":\"https:\\\/\\\/duinzicht.com\\\/#organization\"},\"potentialAction\":[{\"@type\":\"SearchAction\",\"target\":{\"@type\":\"EntryPoint\",\"urlTemplate\":\"https:\\\/\\\/duinzicht.com\\\/?s={search_term_string}\"},\"query-input\":{\"@type\":\"PropertyValueSpecification\",\"valueRequired\":true,\"valueName\":\"search_term_string\"}}],\"inLanguage\":\"de\"},{\"@type\":\"Organization\",\"@id\":\"https:\\\/\\\/duinzicht.com\\\/#organization\",\"name\":\"Vakantiepark TenZer\",\"url\":\"https:\\\/\\\/duinzicht.com\\\/\",\"logo\":{\"@type\":\"ImageObject\",\"inLanguage\":\"de\",\"@id\":\"https:\\\/\\\/duinzicht.com\\\/#\\\/schema\\\/logo\\\/image\\\/\",\"url\":\"\",\"contentUrl\":\"\",\"caption\":\"Vakantiepark TenZer\"},\"image\":{\"@id\":\"https:\\\/\\\/duinzicht.com\\\/#\\\/schema\\\/logo\\\/image\\\/\"},\"sameAs\":[\"https:\\\/\\\/www.facebook.com\\\/tenzeronline\\\/\"]}]}<\/script>\n<!-- \/ Yoast SEO plugin. -->","yoast_head_json":{"title":"Duinzicht 3 \u2013 Komfortables Gruppenhaus f\u00fcr 20 Personen in Zeeland","description":"Duinzicht 3 bietet Platz f\u00fcr 20 Personen und verf\u00fcgt \u00fcber eine moderne K\u00fcche, Garten und eigene B\u00e4der. In der N\u00e4he des Strandes und des Zentrums von Westkapelle.","robots":{"index":"index","follow":"follow","max-snippet":"max-snippet:-1","max-image-preview":"max-image-preview:large","max-video-preview":"max-video-preview:-1"},"canonical":"https:\/\/duinzicht.com\/de\/groepsaccommodaties\/duinzicht-3\/","og_locale":"de_DE","og_type":"article","og_title":"Duinzicht 3 \u2013 Komfortables Gruppenhaus f\u00fcr 20 Personen in Zeeland","og_description":"Duinzicht 3 bietet Platz f\u00fcr 20 Personen und verf\u00fcgt \u00fcber eine moderne K\u00fcche, Garten und eigene B\u00e4der. In der N\u00e4he des Strandes und des Zentrums von Westkapelle.","og_url":"https:\/\/duinzicht.com\/de\/groepsaccommodaties\/duinzicht-3\/","og_site_name":"Duinzicht Vakantieverblijven","article_publisher":"https:\/\/www.facebook.com\/tenzeronline\/","article_modified_time":"2025-10-05T10:41:15+00:00","og_image":[{"width":1333,"height":2000,"url":"https:\/\/duinzicht.com\/wp-content\/uploads\/2025\/10\/Duinzicht-3-1-1.jpg","type":"image\/jpeg"}],"twitter_card":"summary_large_image","twitter_misc":{"Gesch\u00e4tzte Lesezeit":"2\u00a0Minuten"},"schema":{"@context":"https:\/\/schema.org","@graph":[{"@type":"WebPage","@id":"https:\/\/duinzicht.com\/de\/groepsaccommodaties\/duinzicht-3\/","url":"https:\/\/duinzicht.com\/de\/groepsaccommodaties\/duinzicht-3\/","name":"Duinzicht 3 \u2013 Komfortables Gruppenhaus f\u00fcr 20 Personen in Zeeland","isPartOf":{"@id":"https:\/\/duinzicht.com\/#website"},"primaryImageOfPage":{"@id":"https:\/\/duinzicht.com\/de\/groepsaccommodaties\/duinzicht-3\/#primaryimage"},"image":{"@id":"https:\/\/duinzicht.com\/de\/groepsaccommodaties\/duinzicht-3\/#primaryimage"},"thumbnailUrl":"https:\/\/duinzicht.com\/wp-content\/uploads\/2025\/10\/Duinzicht-3-1-1.jpg","datePublished":"2025-10-03T11:58:35+00:00","dateModified":"2025-10-05T10:41:15+00:00","description":"Duinzicht 3 bietet Platz f\u00fcr 20 Personen und verf\u00fcgt \u00fcber eine moderne K\u00fcche, Garten und eigene B\u00e4der. In der N\u00e4he des Strandes und des Zentrums von Westkapelle.","breadcrumb":{"@id":"https:\/\/duinzicht.com\/de\/groepsaccommodaties\/duinzicht-3\/#breadcrumb"},"inLanguage":"de","potentialAction":[{"@type":"ReadAction","target":["https:\/\/duinzicht.com\/de\/groepsaccommodaties\/duinzicht-3\/"]}]},{"@type":"ImageObject","inLanguage":"de","@id":"https:\/\/duinzicht.com\/de\/groepsaccommodaties\/duinzicht-3\/#primaryimage","url":"https:\/\/duinzicht.com\/wp-content\/uploads\/2025\/10\/Duinzicht-3-1-1.jpg","contentUrl":"https:\/\/duinzicht.com\/wp-content\/uploads\/2025\/10\/Duinzicht-3-1-1.jpg","width":1333,"height":2000},{"@type":"BreadcrumbList","@id":"https:\/\/duinzicht.com\/de\/groepsaccommodaties\/duinzicht-3\/#breadcrumb","itemListElement":[{"@type":"ListItem","position":1,"name":"Home","item":"https:\/\/duinzicht.com\/de\/"},{"@type":"ListItem","position":2,"name":"Groepsaccommodaties","item":"https:\/\/duinzicht.com\/de\/groepsaccommodaties\/"},{"@type":"ListItem","position":3,"name":"Duinzicht 3"}]},{"@type":"WebSite","@id":"https:\/\/duinzicht.com\/#website","url":"https:\/\/duinzicht.com\/","name":"Duinzicht Vakantieverblijven","description":"Gelegen op het prachtige eiland Walcheren","publisher":{"@id":"https:\/\/duinzicht.com\/#organization"},"potentialAction":[{"@type":"SearchAction","target":{"@type":"EntryPoint","urlTemplate":"https:\/\/duinzicht.com\/?s={search_term_string}"},"query-input":{"@type":"PropertyValueSpecification","valueRequired":true,"valueName":"search_term_string"}}],"inLanguage":"de"},{"@type":"Organization","@id":"https:\/\/duinzicht.com\/#organization","name":"Vakantiepark TenZer","url":"https:\/\/duinzicht.com\/","logo":{"@type":"ImageObject","inLanguage":"de","@id":"https:\/\/duinzicht.com\/#\/schema\/logo\/image\/","url":"","contentUrl":"","caption":"Vakantiepark TenZer"},"image":{"@id":"https:\/\/duinzicht.com\/#\/schema\/logo\/image\/"},"sameAs":["https:\/\/www.facebook.com\/tenzeronline\/"]}]}},"_links":{"self":[{"href":"https:\/\/duinzicht.com\/de\/wp-json\/wp\/v2\/pages\/3167","targetHints":{"allow":["GET"]}}],"collection":[{"href":"https:\/\/duinzicht.com\/de\/wp-json\/wp\/v2\/pages"}],"about":[{"href":"https:\/\/duinzicht.com\/de\/wp-json\/wp\/v2\/types\/page"}],"author":[{"embeddable":true,"href":"https:\/\/duinzicht.com\/de\/wp-json\/wp\/v2\/users\/1"}],"replies":[{"embeddable":true,"href":"https:\/\/duinzicht.com\/de\/wp-json\/wp\/v2\/comments?post=3167"}],"version-history":[{"count":3,"href":"https:\/\/duinzicht.com\/de\/wp-json\/wp\/v2\/pages\/3167\/revisions"}],"predecessor-version":[{"id":3191,"href":"https:\/\/duinzicht.com\/de\/wp-json\/wp\/v2\/pages\/3167\/revisions\/3191"}],"up":[{"embeddable":true,"href":"https:\/\/duinzicht.com\/de\/wp-json\/wp\/v2\/pages\/2676"}],"wp:featuredmedia":[{"embeddable":true,"href":"https:\/\/duinzicht.com\/de\/wp-json\/wp\/v2\/media\/2961"}],"wp:attachment":[{"href":"https:\/\/duinzicht.com\/de\/wp-json\/wp\/v2\/media?parent=3167"}],"curies":[{"name":"wp","href":"https:\/\/api.w.org\/{rel}","templated":true}]}}