{"id":3196,"date":"2024-10-19T08:07:47","date_gmt":"2024-10-19T08:07:47","guid":{"rendered":"http:\/\/duinzicht.com\/?page_id=3196"},"modified":"2025-10-05T09:08:46","modified_gmt":"2025-10-05T09:08:46","slug":"umgebung-duinzicht","status":"publish","type":"page","link":"https:\/\/duinzicht.com\/de\/umgebung-duinzicht\/","title":{"rendered":"Umgebung"},"content":{"rendered":"<style type=\"text\/css\">\n    .header-heights {\n        height: 50vh;\n    }\n    .header-heights.home {\n        height: 70vh;\n    }\n    @media (max-width: 767px) {\n        .header-heights {\n            height: 50vh;\n        }\n        .header-heights.home {\n            height: 50vh;\n        }\n    }\n<\/style><section class=\"header-img\">\n        <div class=\"img-inner header-heights\" style=\"background-image: url(https:\/\/duinzicht.com\/wp-content\/uploads\/2023\/10\/duinzicht-header-1600x909.jpg);\"><div class=\"header_txt\">\n                <h3>Einzigartige Lage auf Walcheren<\/h3>\n                <h2><\/h2><\/div><div class=\"container zb-container\"><div class=\"harbor-main-widget\">\r\n<div is=\"search\" :expandable=\"true\" :config=\"{ top: false,isDateRangePicker: true  }\" :category-id=\"1\" :pre-fill=\"true\" url=\"\/zoekresultaten\">&nbsp;<\/div>\r\n<\/div><\/div><\/div><\/section>\n\n\n<h1 class=\"wp-block-heading\">Die Umgebung von Duinzicht: Walcheren<\/h1>\n\n\n\n<p><strong>Leuchtturm<\/strong><\/p>\n\n\n\n<p>In der N\u00e4he des Leuchtturms ein vertrauter, robuster Anblick. Der 65 Meter hohe Turm ist eine dreischiffige Kirche, die 1831 abbrannte. Bereits 1818 wurde der Turm zu einem K\u00fcstenleuchtturm umgebaut. Seine Bauweise verr\u00e4t, dass es sich um eine stattliche Kirche handelte, die das Deichdorf dominierte.<\/p>\n\n\n\n<p><strong>Annehmlichkeiten<\/strong><\/p>\n\n\n\n<p>Westkapelle bietet alle Annehmlichkeiten: Gesch\u00e4fte, Restaurants, Fahrradverleih usw. In ca. 4 km Entfernung gibt es au\u00dferdem verschiedene Einrichtungen (Schwimmbad, Bowlingbahn usw.), die f\u00fcr jedermann zug\u00e4nglich sind.<\/p>\n\n\n\n<p><strong>Transport<\/strong><\/p>\n\n\n\n<p>Walcheren bietet zahlreiche Rad- und Wanderwege. Fast alle M\u00f6glichkeiten liegen zentral und sind von der Unterkunft aus oft mit \u00f6ffentlichen Verkehrsmitteln oder dem Fahrrad erreichbar.<\/p>\n\n\n\n<p>Eine Auswahl der M\u00f6glichkeiten insbesondere im pulsierenden Zeeland und Walcheren:<\/p>\n\n\n\n<ul class=\"wp-block-list\">\n<li>Biologisches Museum Zeeland<\/li>\n\n\n\n<li>Delta Expo \/ Neeltje Jans<\/li>\n\n\n\n<li>Arsenal<\/li>\n\n\n\n<li>Leguan-Reptilienzoo<\/li>\n\n\n\n<li>Imkerei Poppendamme<\/li>\n\n\n\n<li>K\u00e4sefarm<\/li>\n\n\n\n<li>Mini Mundo (Miniatur Walcheren) \/ Fu\u00dfballerlebnis<\/li>\n\n\n\n<li>Utropie<\/li>\n\n\n\n<li>Het Polderhuis<\/li>\n\n\n\n<li>Roompot Schwimmparadies<\/li>\n\n\n\n<li>Zwierelantijn<\/li>\n\n\n\n<li>Verschiedene Windm\u00fchlen<\/li>\n\n\n\n<li>Historische D\u00f6rfer und St\u00e4dte<\/li>\n\n\n\n<li>Naturschutzgebiete<\/li>\n\n\n\n<li>Wellenbecken<\/li>\n\n\n\n<li>Museen<\/li>\n<\/ul>\n\n\n<section class=\"gallery-section\"><div class=\"gallery grid-layout\"><figure class=\"gallery-item\"><div class=\"gallery-icon\"><a href=\"https:\/\/duinzicht.com\/wp-content\/uploads\/2025\/09\/Duinzicht-buitenfoto_s-1.jpg\" data-fancybox=\"gallery\"><img src=\"https:\/\/duinzicht.com\/wp-content\/uploads\/2025\/09\/Duinzicht-buitenfoto_s-1-750x500.jpg\" class=\"attachment-medium size-medium\" alt=\"\" decoding=\"async\" fetchpriority=\"high\"><\/a><\/div><\/figure><figure class=\"gallery-item\"><div class=\"gallery-icon\"><a href=\"https:\/\/duinzicht.com\/wp-content\/uploads\/2023\/10\/header.jpg\" data-fancybox=\"gallery\"><img src=\"https:\/\/duinzicht.com\/wp-content\/uploads\/2023\/10\/header-750x327.jpg\" class=\"attachment-medium size-medium\" alt=\"\" decoding=\"async\" fetchpriority=\"high\"><\/a><\/div><\/figure><figure class=\"gallery-item\"><div class=\"gallery-icon\"><a href=\"https:\/\/duinzicht.com\/wp-content\/uploads\/2025\/09\/Duinzicht-buitenfoto_s-4.jpg\" data-fancybox=\"gallery\"><img src=\"https:\/\/duinzicht.com\/wp-content\/uploads\/2025\/09\/Duinzicht-buitenfoto_s-4-750x500.jpg\" class=\"attachment-medium size-medium\" alt=\"\" decoding=\"async\" fetchpriority=\"high\"><\/a><\/div><\/figure><figure class=\"gallery-item\"><div class=\"gallery-icon\"><a href=\"https:\/\/duinzicht.com\/wp-content\/uploads\/2025\/09\/Duinzicht-buitenfoto_s-7.jpg\" data-fancybox=\"gallery\"><img src=\"https:\/\/duinzicht.com\/wp-content\/uploads\/2025\/09\/Duinzicht-buitenfoto_s-7-750x421.jpg\" class=\"attachment-medium size-medium\" alt=\"\" decoding=\"async\" fetchpriority=\"high\"><\/a><\/div><\/figure><figure class=\"gallery-item\"><div class=\"gallery-icon\"><a href=\"https:\/\/duinzicht.com\/wp-content\/uploads\/2025\/09\/Duinzicht-buitenfoto_s-8.jpg\" data-fancybox=\"gallery\"><img src=\"https:\/\/duinzicht.com\/wp-content\/uploads\/2025\/09\/Duinzicht-buitenfoto_s-8-750x421.jpg\" class=\"attachment-medium size-medium\" alt=\"\" decoding=\"async\" fetchpriority=\"high\"><\/a><\/div><\/figure><figure class=\"gallery-item\"><div class=\"gallery-icon\"><a href=\"https:\/\/duinzicht.com\/wp-content\/uploads\/2025\/09\/Duinzicht-buitenfoto_s-9.jpg\" data-fancybox=\"gallery\"><img src=\"https:\/\/duinzicht.com\/wp-content\/uploads\/2025\/09\/Duinzicht-buitenfoto_s-9-750x563.jpg\" class=\"attachment-medium size-medium\" alt=\"\" decoding=\"async\" fetchpriority=\"high\"><\/a><\/div><\/figure><figure class=\"gallery-item\"><div class=\"gallery-icon\"><a href=\"https:\/\/duinzicht.com\/wp-content\/uploads\/2025\/09\/Duinzicht-buitenfoto_s-11.jpg\" data-fancybox=\"gallery\"><img src=\"https:\/\/duinzicht.com\/wp-content\/uploads\/2025\/09\/Duinzicht-buitenfoto_s-11-750x563.jpg\" class=\"attachment-medium size-medium\" alt=\"\" decoding=\"async\" fetchpriority=\"high\"><\/a><\/div><\/figure><figure class=\"gallery-item acco8\"><div class=\"gallery-icon\"><a href=\"https:\/\/duinzicht.com\/wp-content\/uploads\/2025\/09\/Duinzicht-1-2.jpg\" data-fancybox=\"gallery\"><img src=\"https:\/\/duinzicht.com\/wp-content\/uploads\/2025\/09\/Duinzicht-1-2-750x563.jpg\" class=\"attachment-medium size-medium\" alt=\"\" decoding=\"async\" fetchpriority=\"high\"><\/a><\/div><\/figure><figure class=\"gallery-item\" class=\"show-on-fullscreen\"><div class=\"gallery-icon\"><a href=\"https:\/\/duinzicht.com\/wp-content\/uploads\/2025\/09\/Duinzicht-5-2.jpg\" data-fancybox=\"gallery\"><img src=\"https:\/\/duinzicht.com\/wp-content\/uploads\/2025\/09\/Duinzicht-5-2-750x563.jpg\" class=\"attachment-medium size-medium\" alt=\"\" decoding=\"async\" fetchpriority=\"high\"><\/a><\/div><\/figure><\/div><\/section>\n","protected":false},"excerpt":{"rendered":"<p>Die Umgebung von Duinzicht: Walcheren Leuchtturm In der N\u00e4he des Leuchtturms ein vertrauter, robuster Anblick. Der 65 Meter hohe Turm ist eine dreischiffige Kirche, die 1831 abbrannte. Bereits 1818 wurde der Turm zu einem K\u00fcstenleuchtturm umgebaut. Seine Bauweise verr\u00e4t, dass es sich um eine stattliche Kirche handelte, die das Deichdorf dominierte. Annehmlichkeiten Westkapelle bietet alle [&hellip;]<\/p>\n","protected":false},"author":1,"featured_media":2912,"parent":0,"menu_order":0,"comment_status":"closed","ping_status":"closed","template":"","meta":{"_acf_changed":false,"footnotes":""},"class_list":["post-3196","page","type-page","status-publish","has-post-thumbnail","hentry"],"acf":[],"yoast_head":"<!-- This site is optimized with the Yoast SEO plugin v27.4 - https:\/\/yoast.com\/product\/yoast-seo-wordpress\/ -->\n<title>Umgebung | Duinzicht Vakantieverblijven<\/title>\n<meta name=\"robots\" content=\"index, follow, max-snippet:-1, max-image-preview:large, max-video-preview:-1\" \/>\n<link rel=\"canonical\" href=\"https:\/\/duinzicht.com\/de\/umgebung-duinzicht\/\" \/>\n<meta property=\"og:locale\" content=\"de_DE\" \/>\n<meta property=\"og:type\" content=\"article\" \/>\n<meta property=\"og:title\" content=\"Umgebung | Duinzicht Vakantieverblijven\" \/>\n<meta property=\"og:description\" content=\"Die Umgebung von Duinzicht: Walcheren Leuchtturm In der N\u00e4he des Leuchtturms ein vertrauter, robuster Anblick. Der 65 Meter hohe Turm ist eine dreischiffige Kirche, die 1831 abbrannte. Bereits 1818 wurde der Turm zu einem K\u00fcstenleuchtturm umgebaut. Seine Bauweise verr\u00e4t, dass es sich um eine stattliche Kirche handelte, die das Deichdorf dominierte. Annehmlichkeiten Westkapelle bietet alle [&hellip;]\" \/>\n<meta property=\"og:url\" content=\"https:\/\/duinzicht.com\/de\/umgebung-duinzicht\/\" \/>\n<meta property=\"og:site_name\" content=\"Duinzicht Vakantieverblijven\" \/>\n<meta property=\"article:publisher\" content=\"https:\/\/www.facebook.com\/tenzeronline\/\" \/>\n<meta property=\"article:modified_time\" content=\"2025-10-05T09:08:46+00:00\" \/>\n<meta property=\"og:image\" content=\"https:\/\/duinzicht.com\/wp-content\/uploads\/2025\/10\/Duinzicht-buitenfoto_s-4.jpg\" \/>\n\t<meta property=\"og:image:width\" content=\"2000\" \/>\n\t<meta property=\"og:image:height\" content=\"1333\" \/>\n\t<meta property=\"og:image:type\" content=\"image\/jpeg\" \/>\n<meta name=\"twitter:card\" content=\"summary_large_image\" \/>\n<meta name=\"twitter:label1\" content=\"Gesch\u00e4tzte Lesezeit\" \/>\n\t<meta name=\"twitter:data1\" content=\"1\u00a0Minute\" \/>\n<script type=\"application\/ld+json\" class=\"yoast-schema-graph\">{\"@context\":\"https:\\\/\\\/schema.org\",\"@graph\":[{\"@type\":\"WebPage\",\"@id\":\"https:\\\/\\\/duinzicht.com\\\/de\\\/umgebung-duinzicht\\\/\",\"url\":\"https:\\\/\\\/duinzicht.com\\\/de\\\/umgebung-duinzicht\\\/\",\"name\":\"Umgebung | Duinzicht Vakantieverblijven\",\"isPartOf\":{\"@id\":\"https:\\\/\\\/duinzicht.com\\\/#website\"},\"primaryImageOfPage\":{\"@id\":\"https:\\\/\\\/duinzicht.com\\\/de\\\/umgebung-duinzicht\\\/#primaryimage\"},\"image\":{\"@id\":\"https:\\\/\\\/duinzicht.com\\\/de\\\/umgebung-duinzicht\\\/#primaryimage\"},\"thumbnailUrl\":\"https:\\\/\\\/duinzicht.com\\\/wp-content\\\/uploads\\\/2025\\\/10\\\/Duinzicht-buitenfoto_s-4.jpg\",\"datePublished\":\"2024-10-19T08:07:47+00:00\",\"dateModified\":\"2025-10-05T09:08:46+00:00\",\"breadcrumb\":{\"@id\":\"https:\\\/\\\/duinzicht.com\\\/de\\\/umgebung-duinzicht\\\/#breadcrumb\"},\"inLanguage\":\"de\",\"potentialAction\":[{\"@type\":\"ReadAction\",\"target\":[\"https:\\\/\\\/duinzicht.com\\\/de\\\/umgebung-duinzicht\\\/\"]}]},{\"@type\":\"ImageObject\",\"inLanguage\":\"de\",\"@id\":\"https:\\\/\\\/duinzicht.com\\\/de\\\/umgebung-duinzicht\\\/#primaryimage\",\"url\":\"https:\\\/\\\/duinzicht.com\\\/wp-content\\\/uploads\\\/2025\\\/10\\\/Duinzicht-buitenfoto_s-4.jpg\",\"contentUrl\":\"https:\\\/\\\/duinzicht.com\\\/wp-content\\\/uploads\\\/2025\\\/10\\\/Duinzicht-buitenfoto_s-4.jpg\",\"width\":2000,\"height\":1333},{\"@type\":\"BreadcrumbList\",\"@id\":\"https:\\\/\\\/duinzicht.com\\\/de\\\/umgebung-duinzicht\\\/#breadcrumb\",\"itemListElement\":[{\"@type\":\"ListItem\",\"position\":1,\"name\":\"Home\",\"item\":\"https:\\\/\\\/duinzicht.com\\\/de\\\/\"},{\"@type\":\"ListItem\",\"position\":2,\"name\":\"Umgebung\"}]},{\"@type\":\"WebSite\",\"@id\":\"https:\\\/\\\/duinzicht.com\\\/#website\",\"url\":\"https:\\\/\\\/duinzicht.com\\\/\",\"name\":\"Duinzicht Vakantieverblijven\",\"description\":\"Gelegen op het prachtige eiland Walcheren\",\"publisher\":{\"@id\":\"https:\\\/\\\/duinzicht.com\\\/#organization\"},\"potentialAction\":[{\"@type\":\"SearchAction\",\"target\":{\"@type\":\"EntryPoint\",\"urlTemplate\":\"https:\\\/\\\/duinzicht.com\\\/?s={search_term_string}\"},\"query-input\":{\"@type\":\"PropertyValueSpecification\",\"valueRequired\":true,\"valueName\":\"search_term_string\"}}],\"inLanguage\":\"de\"},{\"@type\":\"Organization\",\"@id\":\"https:\\\/\\\/duinzicht.com\\\/#organization\",\"name\":\"Vakantiepark TenZer\",\"url\":\"https:\\\/\\\/duinzicht.com\\\/\",\"logo\":{\"@type\":\"ImageObject\",\"inLanguage\":\"de\",\"@id\":\"https:\\\/\\\/duinzicht.com\\\/#\\\/schema\\\/logo\\\/image\\\/\",\"url\":\"\",\"contentUrl\":\"\",\"caption\":\"Vakantiepark TenZer\"},\"image\":{\"@id\":\"https:\\\/\\\/duinzicht.com\\\/#\\\/schema\\\/logo\\\/image\\\/\"},\"sameAs\":[\"https:\\\/\\\/www.facebook.com\\\/tenzeronline\\\/\"]}]}<\/script>\n<!-- \/ Yoast SEO plugin. -->","yoast_head_json":{"title":"Umgebung | Duinzicht Vakantieverblijven","robots":{"index":"index","follow":"follow","max-snippet":"max-snippet:-1","max-image-preview":"max-image-preview:large","max-video-preview":"max-video-preview:-1"},"canonical":"https:\/\/duinzicht.com\/de\/umgebung-duinzicht\/","og_locale":"de_DE","og_type":"article","og_title":"Umgebung | Duinzicht Vakantieverblijven","og_description":"Die Umgebung von Duinzicht: Walcheren Leuchtturm In der N\u00e4he des Leuchtturms ein vertrauter, robuster Anblick. Der 65 Meter hohe Turm ist eine dreischiffige Kirche, die 1831 abbrannte. Bereits 1818 wurde der Turm zu einem K\u00fcstenleuchtturm umgebaut. Seine Bauweise verr\u00e4t, dass es sich um eine stattliche Kirche handelte, die das Deichdorf dominierte. Annehmlichkeiten Westkapelle bietet alle [&hellip;]","og_url":"https:\/\/duinzicht.com\/de\/umgebung-duinzicht\/","og_site_name":"Duinzicht Vakantieverblijven","article_publisher":"https:\/\/www.facebook.com\/tenzeronline\/","article_modified_time":"2025-10-05T09:08:46+00:00","og_image":[{"width":2000,"height":1333,"url":"https:\/\/duinzicht.com\/wp-content\/uploads\/2025\/10\/Duinzicht-buitenfoto_s-4.jpg","type":"image\/jpeg"}],"twitter_card":"summary_large_image","twitter_misc":{"Gesch\u00e4tzte Lesezeit":"1\u00a0Minute"},"schema":{"@context":"https:\/\/schema.org","@graph":[{"@type":"WebPage","@id":"https:\/\/duinzicht.com\/de\/umgebung-duinzicht\/","url":"https:\/\/duinzicht.com\/de\/umgebung-duinzicht\/","name":"Umgebung | Duinzicht Vakantieverblijven","isPartOf":{"@id":"https:\/\/duinzicht.com\/#website"},"primaryImageOfPage":{"@id":"https:\/\/duinzicht.com\/de\/umgebung-duinzicht\/#primaryimage"},"image":{"@id":"https:\/\/duinzicht.com\/de\/umgebung-duinzicht\/#primaryimage"},"thumbnailUrl":"https:\/\/duinzicht.com\/wp-content\/uploads\/2025\/10\/Duinzicht-buitenfoto_s-4.jpg","datePublished":"2024-10-19T08:07:47+00:00","dateModified":"2025-10-05T09:08:46+00:00","breadcrumb":{"@id":"https:\/\/duinzicht.com\/de\/umgebung-duinzicht\/#breadcrumb"},"inLanguage":"de","potentialAction":[{"@type":"ReadAction","target":["https:\/\/duinzicht.com\/de\/umgebung-duinzicht\/"]}]},{"@type":"ImageObject","inLanguage":"de","@id":"https:\/\/duinzicht.com\/de\/umgebung-duinzicht\/#primaryimage","url":"https:\/\/duinzicht.com\/wp-content\/uploads\/2025\/10\/Duinzicht-buitenfoto_s-4.jpg","contentUrl":"https:\/\/duinzicht.com\/wp-content\/uploads\/2025\/10\/Duinzicht-buitenfoto_s-4.jpg","width":2000,"height":1333},{"@type":"BreadcrumbList","@id":"https:\/\/duinzicht.com\/de\/umgebung-duinzicht\/#breadcrumb","itemListElement":[{"@type":"ListItem","position":1,"name":"Home","item":"https:\/\/duinzicht.com\/de\/"},{"@type":"ListItem","position":2,"name":"Umgebung"}]},{"@type":"WebSite","@id":"https:\/\/duinzicht.com\/#website","url":"https:\/\/duinzicht.com\/","name":"Duinzicht Vakantieverblijven","description":"Gelegen op het prachtige eiland Walcheren","publisher":{"@id":"https:\/\/duinzicht.com\/#organization"},"potentialAction":[{"@type":"SearchAction","target":{"@type":"EntryPoint","urlTemplate":"https:\/\/duinzicht.com\/?s={search_term_string}"},"query-input":{"@type":"PropertyValueSpecification","valueRequired":true,"valueName":"search_term_string"}}],"inLanguage":"de"},{"@type":"Organization","@id":"https:\/\/duinzicht.com\/#organization","name":"Vakantiepark TenZer","url":"https:\/\/duinzicht.com\/","logo":{"@type":"ImageObject","inLanguage":"de","@id":"https:\/\/duinzicht.com\/#\/schema\/logo\/image\/","url":"","contentUrl":"","caption":"Vakantiepark TenZer"},"image":{"@id":"https:\/\/duinzicht.com\/#\/schema\/logo\/image\/"},"sameAs":["https:\/\/www.facebook.com\/tenzeronline\/"]}]}},"_links":{"self":[{"href":"https:\/\/duinzicht.com\/de\/wp-json\/wp\/v2\/pages\/3196","targetHints":{"allow":["GET"]}}],"collection":[{"href":"https:\/\/duinzicht.com\/de\/wp-json\/wp\/v2\/pages"}],"about":[{"href":"https:\/\/duinzicht.com\/de\/wp-json\/wp\/v2\/types\/page"}],"author":[{"embeddable":true,"href":"https:\/\/duinzicht.com\/de\/wp-json\/wp\/v2\/users\/1"}],"replies":[{"embeddable":true,"href":"https:\/\/duinzicht.com\/de\/wp-json\/wp\/v2\/comments?post=3196"}],"version-history":[{"count":1,"href":"https:\/\/duinzicht.com\/de\/wp-json\/wp\/v2\/pages\/3196\/revisions"}],"predecessor-version":[{"id":3197,"href":"https:\/\/duinzicht.com\/de\/wp-json\/wp\/v2\/pages\/3196\/revisions\/3197"}],"wp:featuredmedia":[{"embeddable":true,"href":"https:\/\/duinzicht.com\/de\/wp-json\/wp\/v2\/media\/2912"}],"wp:attachment":[{"href":"https:\/\/duinzicht.com\/de\/wp-json\/wp\/v2\/media?parent=3196"}],"curies":[{"name":"wp","href":"https:\/\/api.w.org\/{rel}","templated":true}]}}