{"id":3209,"date":"2024-11-03T10:45:48","date_gmt":"2024-11-03T10:45:48","guid":{"rendered":"http:\/\/duinzicht.com\/?page_id=3209"},"modified":"2025-10-05T12:25:00","modified_gmt":"2025-10-05T12:25:00","slug":"datenschutzerklarung","status":"publish","type":"page","link":"https:\/\/duinzicht.com\/de\/datenschutzerklarung\/","title":{"rendered":"Datenschutzerkl\u00e4rung"},"content":{"rendered":"\n<h2 class=\"wp-block-heading\">Datenschutzerkl\u00e4rung<\/h2>\n\n\n\n<p>\u00dcber die Website von Duinzicht Holiday Accommodations werden datenschutzrelevante Daten bzw. personenbezogene Daten verarbeitet. Duinzicht Holiday Accommodations legt gro\u00dfen Wert auf den sorgf\u00e4ltigen Umgang mit personenbezogenen Daten. Daher verarbeiten und sch\u00fctzen wir personenbezogene Daten mit Sorgfalt.<\/p>\n\n\n\n<p>Bei der Verarbeitung halten wir uns an die Anforderungen der Datenschutzgesetze. Dies bedeutet unter anderem, dass:<\/p>\n\n\n\n<ul class=\"wp-block-list\">\n<li>wir die Zwecke der Verarbeitung personenbezogener Daten klar darlegen. Dies geschieht in dieser Datenschutzerkl\u00e4rung.<\/li>\n\n\n\n<li>wir die Erhebung personenbezogener Daten auf die f\u00fcr legitime Zwecke erforderlichen Daten beschr\u00e4nken.<\/li>\n\n\n\n<li>wir geeignete Sicherheitsma\u00dfnahmen zum Schutz Ihrer personenbezogenen Daten ergreifen und dies auch von Parteien verlangen, die personenbezogene Daten in unserem Auftrag verarbeiten.<\/li>\n\n\n\n<li>wir Ihr Recht auf Auskunft, Berichtigung oder L\u00f6schung Ihrer personenbezogenen Daten respektieren.<\/li>\n<\/ul>\n\n\n\n<p>Duinzicht Holiday Accommodations ist f\u00fcr die Datenverarbeitung verantwortlich. In dieser Datenschutzerkl\u00e4rung erl\u00e4utern wir, welche personenbezogenen Daten wir zu welchem \u200b\u200bZweck erheben und verwenden. Wir empfehlen Ihnen, diese sorgf\u00e4ltig zu lesen.<\/p>\n\n\n\n<h2 class=\"wp-block-heading\">Verwendung personenbezogener Daten<\/h2>\n\n\n\n<p>Wenn Sie unsere Website nutzen, erhalten wir bestimmte Informationen von Ihnen. Dazu k\u00f6nnen auch personenbezogene Daten geh\u00f6ren. Wir speichern und verwenden ausschlie\u00dflich die personenbezogenen Daten, die Sie uns direkt im Zusammenhang mit der von Ihnen angeforderten Dienstleistung oder zur Bearbeitung \u00fcbermitteln. Wir verwenden die folgenden Daten f\u00fcr die in dieser Datenschutzerkl\u00e4rung genannten Zwecke:<\/p>\n\n\n\n<ul class=\"wp-block-list\">\n<li>Name und Anschrift<\/li>\n\n\n\n<li>Telefonnummer<\/li>\n\n\n\n<li>Rechnungsadresse<\/li>\n\n\n\n<li>E-Mail-Adresse<\/li>\n\n\n\n<li>Zahlungsinformationen<\/li>\n\n\n\n<li>Geburtsdatum<\/li>\n<\/ul>\n\n\n\n<h2 class=\"wp-block-heading\">Reservierungsabwicklung<\/h2>\n\n\n\n<p>Wenn Sie bei uns eine Reservierung vornehmen, verwenden wir Ihre personenbezogenen Daten zur Bearbeitung. Soweit dies f\u00fcr eine ordnungsgem\u00e4\u00dfe Abwicklung erforderlich ist, geben wir Ihre personenbezogenen Daten gegebenenfalls auch an Dritte weiter. Weitere Informationen hierzu finden Sie weiter unten in dieser Datenschutzerkl\u00e4rung.<\/p>\n\n\n\n<h2 class=\"wp-block-heading\">Ver\u00f6ffentlichung<\/h2>\n\n\n\n<p>Wir ver\u00f6ffentlichen Ihre Kundendaten nicht.<\/p>\n\n\n\n<h2 class=\"wp-block-heading\">Weitergabe an Dritte<\/h2>\n\n\n\n<p>Wir geben Ihre Daten gegebenenfalls an unsere Partner weiter. Diese Partner sind an der Vertragsabwicklung beteiligt.<\/p>\n\n\n\n<h2 class=\"wp-block-heading\">Sicherheit<\/h2>\n\n\n\n<p>Wir ergreifen Sicherheitsma\u00dfnahmen, um Missbrauch und unbefugten Zugriff auf personenbezogene Daten zu verhindern.<\/p>\n\n\n\n<h2 class=\"wp-block-heading\">Aufbewahrungsfristen<\/h2>\n\n\n\n<p>Die oben beschriebenen personenbezogenen Daten werden so lange gespeichert, wie es f\u00fcr die Bearbeitung Ihrer Reservierungen, einschlie\u00dflich Garantieanspr\u00fcchen, erforderlich ist. Wir speichern die Daten anschlie\u00dfend maximal ein Jahr lang f\u00fcr die beschriebenen statistischen Zwecke. Anschlie\u00dfend werden die Daten gel\u00f6scht, sofern keine gesetzliche Verpflichtung zu einer l\u00e4ngeren Aufbewahrung besteht (z. B. die siebenj\u00e4hrige steuerliche Aufbewahrungspflicht f\u00fcr Zahlungsdaten).<\/p>\n\n\n\n<h2 class=\"wp-block-heading\">Websites Dritter<\/h2>\n\n\n\n<p>Diese Datenschutzerkl\u00e4rung gilt nicht f\u00fcr Websites Dritter, die mit unserer Website verlinkt sind. Wir k\u00f6nnen nicht garantieren, dass diese Dritten Ihre personenbezogenen Daten zuverl\u00e4ssig und sicher verarbeiten. Wir empfehlen Ihnen, die Datenschutzerkl\u00e4rungen dieser Websites vor deren Nutzung zu lesen.<\/p>\n\n\n\n<h2 class=\"wp-block-heading\">\u00c4nderungen dieser Datenschutzerkl\u00e4rung<\/h2>\n\n\n\n<p>Wir behalten uns das Recht vor, \u00c4nderungen an dieser Datenschutzerkl\u00e4rung vorzunehmen. Wir empfehlen Ihnen, diese Datenschutzerkl\u00e4rung regelm\u00e4\u00dfig zu konsultieren, um \u00fcber \u00c4nderungen informiert zu sein. Die umfassende, aktuelle Datenschutzerkl\u00e4rung finden Sie auf Wunsch unter www.groepen.nl.<\/p>\n\n\n\n<h2 class=\"wp-block-heading\">Zugriff auf und \u00c4nderung Ihrer Daten<\/h2>\n\n\n\n<p>Bei Fragen zu unserer Datenschutzerkl\u00e4rung oder zum Zugriff, zur \u00c4nderung (oder L\u00f6schung) Ihrer personenbezogenen Daten k\u00f6nnen Sie uns jederzeit \u00fcber die unten stehenden Informationen kontaktieren. Sie k\u00f6nnen uns auch eine Anfrage zum Zugriff, zur \u00c4nderung oder L\u00f6schung dieser Daten senden. Sie k\u00f6nnen auch einen Datenexport f\u00fcr Daten beantragen, die wir mit Ihrer Einwilligung verwenden, oder begr\u00fcnden, warum wir die Verarbeitung Ihrer personenbezogenen Daten einschr\u00e4nken sollen.<\/p>\n\n\n\n<p>Um Missbrauch zu verhindern, bitten wir Sie gegebenenfalls um einen angemessenen Ausweis. Wenn Sie Zugriff auf personenbezogene Daten beantragen, die mit einem Cookie verkn\u00fcpft sind, m\u00fcssen Sie eine Kopie des betreffenden Cookies beif\u00fcgen. Diese finden Sie in Ihren Browsereinstellungen. Sollten die Daten fehlerhaft sein, k\u00f6nnen Sie uns bitten, die Daten zu \u00e4ndern oder zu l\u00f6schen.<\/p>\n\n\n\n<h2 class=\"wp-block-heading\">Niederl\u00e4ndische Datenschutzbeh\u00f6rde<\/h2>\n\n\n\n<p>Wir helfen Ihnen gerne bei Beschwerden \u00fcber die Verarbeitung Ihrer personenbezogenen Daten. Gem\u00e4\u00df den Datenschutzgesetzen haben Sie au\u00dferdem das Recht, bei der niederl\u00e4ndischen Datenschutzbeh\u00f6rde Beschwerde \u00fcber die Verarbeitung personenbezogener Daten einzulegen. Sie k\u00f6nnen sich hierzu an die niederl\u00e4ndische Datenschutzbeh\u00f6rde wenden.<\/p>\n\n\n\n<h2 class=\"wp-block-heading\">Kontaktdaten<\/h2>\n\n\n\n<p>Duinzicht Ferienunterk\u00fcnfte<br>Diny Lievense<br>Poppekerkseweg 1-3-5<br>4361 JC Westkapelle<br>info@duinzicht.com<\/p>\n\n\n\n<h2 class=\"wp-block-heading\">Cookie-Richtlinie<\/h2>\n\n\n\n<p>Unsere Website verwendet Cookies und andere Technologien wie JavaScript. Dies sind kleine, einfache Textdateien Dies sind Dateien, die Ihr Computer speichert, wenn Sie unsere Website besuchen. Wenn Sie unsere Website besuchen, stimmen Sie automatisch der Platzierung von Cookies zu. Sie k\u00f6nnen Cookies auch l\u00f6schen oder blockieren. Weitere Informationen finden Sie in der Erkl\u00e4rung am Ende unserer Cookie-Richtlinie.<\/p>\n\n\n\n<p>Da wir Ihre Privatsph\u00e4re sch\u00fctzen und die Benutzerfreundlichkeit unserer Website verbessern m\u00f6chten, ist es uns wichtig, dass Sie wissen, wie und warum wir Cookies verwenden.<\/p>\n\n\n\n<h2 class=\"wp-block-heading\">Welche Cookies werden verwendet?<\/h2>\n\n\n\n<p><strong>Google Analytics<br><\/strong>Diese Website verwendet Google Analytics-Cookies. Diese Cookies werden verwendet, um die Website-Nutzung zu verfolgen und zu analysieren, damit die Qualit\u00e4t und\/oder Effektivit\u00e4t der Website verbessert werden kann.<\/p>\n\n\n\n<p>Die Website verwendet Google Analytics-Cookies gem\u00e4\u00df den Richtlinien der niederl\u00e4ndischen Datenschutzbeh\u00f6rde. Mit Google wurde ein Datenverarbeitungsvertrag geschlossen. Dieser Vertrag enth\u00e4lt die Vereinbarungen zwischen uns (als Verantwortlichem f\u00fcr personenbezogene Daten) und Google (als Auftragsverarbeiter).<\/p>\n\n\n\n<p>Die von Google erhobenen Informationen werden so weit wie m\u00f6glich anonymisiert; Ihre IP-Adresse wird beispielsweise ausdr\u00fccklich nicht weitergegeben.<\/p>\n\n\n\n<p>Die Informationen werden von Google auf Servern in den USA gespeichert. Google kann diese Informationen an Dritte weitergeben, sofern Google dazu gesetzlich verpflichtet ist oder soweit Dritte diese Informationen im Auftrag von Google verarbeiten. Darauf haben wir keinen Einfluss.<\/p>\n\n\n\n<p><strong>Soziale Medien<br><\/strong>Auf unserer Website bieten wir Links zu verschiedenen sozialen Plattformen an, damit Sie sich mit Ihrem eigenen Social-Media-Konto verbinden k\u00f6nnen. Diese Links sind mit einem Logo und\/oder einem Textlink gekennzeichnet. Wenn Sie den Link verwenden, stellt Ihr Internetbrowser eine direkte Verbindung zu den Servern der jeweiligen Social-Media-Plattform her.<\/p>\n\n\n\n<p>Wenn Sie w\u00e4hrend Ihres Besuchs auf unserer Website in Ihrem Konto einer dieser Social-Media-Plattformen angemeldet sind und unsere Webinhalte teilen m\u00f6chten, werden diese Informationen mit Ihrem Social-Media-Konto verkn\u00fcpft.<\/p>\n\n\n\n<p>Weitere Informationen dar\u00fcber, wie diese Social-Media-Plattformen mit den (personenbezogenen) Daten umgehen, die sie \u00fcber Cookies verarbeiten, finden Sie in deren jeweiligen Datenschutzerkl\u00e4rungen. Darauf haben wir keinen Einfluss.<\/p>\n\n\n\n<p><strong>Funktionale Cookies<br><\/strong>Funktionale Cookies sind f\u00fcr das ordnungsgem\u00e4\u00dfe Funktionieren unserer Website oder zur Optimierung der Benutzerfreundlichkeit, z. B. zum automatischen Ausf\u00fcllen Ihrer Daten in Formulare, unerl\u00e4sslich. Funktionale Cookies erfassen keine personenbezogenen Daten.<\/p>\n\n\n\n<p><strong>Eingebettete Inhalte<br><\/strong>Wir verwenden auf unserer Website Inhalte von Drittanbietern. Diese Inhalte stammen aus anderen Quellen und werden mithilfe von Code auf unserer Website platziert. Beispiele hierf\u00fcr sind Reservierungssoftware, Zoover, YouTube-Videos und Google Maps. Diese Codes verwenden Cookies, um die korrekte Darstellung der Inhalte zu gew\u00e4hrleisten.<\/p>\n\n\n\n<p>Weitere Informationen dar\u00fcber, wie Drittanbieter mit den erhaltenen Informationen umgehen, finden Sie in deren Datenschutzerkl\u00e4rungen.<\/p>\n\n\n\n<h2 class=\"wp-block-heading\">Wie k\u00f6nnen Sie Cookies l\u00f6schen oder blockieren?<\/h2>\n\n\n\n<p>Wenn Sie keine Cookies w\u00fcnschen, k\u00f6nnen Sie Ihre Browsereinstellungen anpassen. Die Vorgehensweise ist je nach Browser unterschiedlich. W\u00e4hlen Sie unten Ihren verwendeten Browser aus und folgen Sie den Anweisungen zum Ablehnen oder Blockieren von Cookies.<\/p>\n\n\n\n<p>Wenn Sie unsere Website mit verschiedenen Browsern besuchen, m\u00fcssen Sie Cookies f\u00fcr jeden Browser separat ablehnen oder blockieren.<\/p>\n\n\n\n<p>Google Chrome<br>Internet Explorer<br>Firefox<br>Safari<br>Opera<\/p>\n\n\n\n<h2 class=\"wp-block-heading\">Abschlie\u00dfend:<\/h2>\n\n\n\n<p>Diese Website wurde mit gr\u00f6\u00dfter Sorgfalt zusammengestellt. Wir haften jedoch nicht f\u00fcr direkte oder indirekte Sch\u00e4den, die durch die Nutzung der bereitgestellten Informationen entstehen. Daher k\u00f6nnen aus den Inhalten dieser Website weder Rechte noch Anspr\u00fcche abgeleitet werden.<\/p>\n\n\n\n<p>Die Datenschutzerkl\u00e4rung und die Cookie-Richtlinie k\u00f6nnen sich \u00e4ndern. Wir werden auf dieser Seite auf etwaige \u00c4nderungen hinweisen. Wir empfehlen Ihnen, diese Seite regelm\u00e4\u00dfig zu besuchen, damit Sie stets \u00fcber den Inhalt der aktuellen Datenschutzerkl\u00e4rung und unserer Cookie-Richtlinie informiert sind.<\/p>\n","protected":false},"excerpt":{"rendered":"<p>Datenschutzerkl\u00e4rung \u00dcber die Website von Duinzicht Holiday Accommodations werden datenschutzrelevante Daten bzw. personenbezogene Daten verarbeitet. Duinzicht Holiday Accommodations legt gro\u00dfen Wert auf den sorgf\u00e4ltigen Umgang mit personenbezogenen Daten. Daher verarbeiten und sch\u00fctzen wir personenbezogene Daten mit Sorgfalt. Bei der Verarbeitung halten wir uns an die Anforderungen der Datenschutzgesetze. Dies bedeutet unter anderem, dass: Duinzicht Holiday [&hellip;]<\/p>\n","protected":false},"author":1,"featured_media":0,"parent":0,"menu_order":0,"comment_status":"closed","ping_status":"closed","template":"","meta":{"_acf_changed":false,"footnotes":""},"class_list":["post-3209","page","type-page","status-publish","hentry"],"acf":[],"yoast_head":"<!-- This site is optimized with the Yoast SEO plugin v27.4 - https:\/\/yoast.com\/product\/yoast-seo-wordpress\/ -->\n<title>Datenschutzerkl\u00e4rung | Duinzicht Vakantieverblijven<\/title>\n<meta name=\"robots\" content=\"index, follow, max-snippet:-1, max-image-preview:large, max-video-preview:-1\" \/>\n<link rel=\"canonical\" href=\"https:\/\/duinzicht.com\/de\/datenschutzerklarung\/\" \/>\n<meta property=\"og:locale\" content=\"de_DE\" \/>\n<meta property=\"og:type\" content=\"article\" \/>\n<meta property=\"og:title\" content=\"Datenschutzerkl\u00e4rung | Duinzicht Vakantieverblijven\" \/>\n<meta property=\"og:description\" content=\"Datenschutzerkl\u00e4rung \u00dcber die Website von Duinzicht Holiday Accommodations werden datenschutzrelevante Daten bzw. personenbezogene Daten verarbeitet. Duinzicht Holiday Accommodations legt gro\u00dfen Wert auf den sorgf\u00e4ltigen Umgang mit personenbezogenen Daten. Daher verarbeiten und sch\u00fctzen wir personenbezogene Daten mit Sorgfalt. Bei der Verarbeitung halten wir uns an die Anforderungen der Datenschutzgesetze. Dies bedeutet unter anderem, dass: Duinzicht Holiday [&hellip;]\" \/>\n<meta property=\"og:url\" content=\"https:\/\/duinzicht.com\/de\/datenschutzerklarung\/\" \/>\n<meta property=\"og:site_name\" content=\"Duinzicht Vakantieverblijven\" \/>\n<meta property=\"article:publisher\" content=\"https:\/\/www.facebook.com\/tenzeronline\/\" \/>\n<meta property=\"article:modified_time\" content=\"2025-10-05T12:25:00+00:00\" \/>\n<meta property=\"og:image\" content=\"https:\/\/duinzicht.com\/wp-content\/uploads\/2025\/09\/gal1.jpg\" \/>\n\t<meta property=\"og:image:width\" content=\"754\" \/>\n\t<meta property=\"og:image:height\" content=\"793\" \/>\n\t<meta property=\"og:image:type\" content=\"image\/jpeg\" \/>\n<meta name=\"twitter:card\" content=\"summary_large_image\" \/>\n<meta name=\"twitter:label1\" content=\"Gesch\u00e4tzte Lesezeit\" \/>\n\t<meta name=\"twitter:data1\" content=\"6\u00a0Minuten\" \/>\n<script type=\"application\/ld+json\" class=\"yoast-schema-graph\">{\"@context\":\"https:\\\/\\\/schema.org\",\"@graph\":[{\"@type\":\"WebPage\",\"@id\":\"https:\\\/\\\/duinzicht.com\\\/de\\\/datenschutzerklarung\\\/\",\"url\":\"https:\\\/\\\/duinzicht.com\\\/de\\\/datenschutzerklarung\\\/\",\"name\":\"Datenschutzerkl\u00e4rung | Duinzicht Vakantieverblijven\",\"isPartOf\":{\"@id\":\"https:\\\/\\\/duinzicht.com\\\/#website\"},\"datePublished\":\"2024-11-03T10:45:48+00:00\",\"dateModified\":\"2025-10-05T12:25:00+00:00\",\"breadcrumb\":{\"@id\":\"https:\\\/\\\/duinzicht.com\\\/de\\\/datenschutzerklarung\\\/#breadcrumb\"},\"inLanguage\":\"de\",\"potentialAction\":[{\"@type\":\"ReadAction\",\"target\":[\"https:\\\/\\\/duinzicht.com\\\/de\\\/datenschutzerklarung\\\/\"]}]},{\"@type\":\"BreadcrumbList\",\"@id\":\"https:\\\/\\\/duinzicht.com\\\/de\\\/datenschutzerklarung\\\/#breadcrumb\",\"itemListElement\":[{\"@type\":\"ListItem\",\"position\":1,\"name\":\"Home\",\"item\":\"https:\\\/\\\/duinzicht.com\\\/de\\\/\"},{\"@type\":\"ListItem\",\"position\":2,\"name\":\"Datenschutzerkl\u00e4rung\"}]},{\"@type\":\"WebSite\",\"@id\":\"https:\\\/\\\/duinzicht.com\\\/#website\",\"url\":\"https:\\\/\\\/duinzicht.com\\\/\",\"name\":\"Duinzicht Vakantieverblijven\",\"description\":\"Gelegen op het prachtige eiland Walcheren\",\"publisher\":{\"@id\":\"https:\\\/\\\/duinzicht.com\\\/#organization\"},\"potentialAction\":[{\"@type\":\"SearchAction\",\"target\":{\"@type\":\"EntryPoint\",\"urlTemplate\":\"https:\\\/\\\/duinzicht.com\\\/?s={search_term_string}\"},\"query-input\":{\"@type\":\"PropertyValueSpecification\",\"valueRequired\":true,\"valueName\":\"search_term_string\"}}],\"inLanguage\":\"de\"},{\"@type\":\"Organization\",\"@id\":\"https:\\\/\\\/duinzicht.com\\\/#organization\",\"name\":\"Vakantiepark TenZer\",\"url\":\"https:\\\/\\\/duinzicht.com\\\/\",\"logo\":{\"@type\":\"ImageObject\",\"inLanguage\":\"de\",\"@id\":\"https:\\\/\\\/duinzicht.com\\\/#\\\/schema\\\/logo\\\/image\\\/\",\"url\":\"\",\"contentUrl\":\"\",\"caption\":\"Vakantiepark TenZer\"},\"image\":{\"@id\":\"https:\\\/\\\/duinzicht.com\\\/#\\\/schema\\\/logo\\\/image\\\/\"},\"sameAs\":[\"https:\\\/\\\/www.facebook.com\\\/tenzeronline\\\/\"]}]}<\/script>\n<!-- \/ Yoast SEO plugin. -->","yoast_head_json":{"title":"Datenschutzerkl\u00e4rung | Duinzicht Vakantieverblijven","robots":{"index":"index","follow":"follow","max-snippet":"max-snippet:-1","max-image-preview":"max-image-preview:large","max-video-preview":"max-video-preview:-1"},"canonical":"https:\/\/duinzicht.com\/de\/datenschutzerklarung\/","og_locale":"de_DE","og_type":"article","og_title":"Datenschutzerkl\u00e4rung | Duinzicht Vakantieverblijven","og_description":"Datenschutzerkl\u00e4rung \u00dcber die Website von Duinzicht Holiday Accommodations werden datenschutzrelevante Daten bzw. personenbezogene Daten verarbeitet. Duinzicht Holiday Accommodations legt gro\u00dfen Wert auf den sorgf\u00e4ltigen Umgang mit personenbezogenen Daten. Daher verarbeiten und sch\u00fctzen wir personenbezogene Daten mit Sorgfalt. Bei der Verarbeitung halten wir uns an die Anforderungen der Datenschutzgesetze. Dies bedeutet unter anderem, dass: Duinzicht Holiday [&hellip;]","og_url":"https:\/\/duinzicht.com\/de\/datenschutzerklarung\/","og_site_name":"Duinzicht Vakantieverblijven","article_publisher":"https:\/\/www.facebook.com\/tenzeronline\/","article_modified_time":"2025-10-05T12:25:00+00:00","og_image":[{"width":754,"height":793,"url":"https:\/\/duinzicht.com\/wp-content\/uploads\/2025\/09\/gal1.jpg","type":"image\/jpeg"}],"twitter_card":"summary_large_image","twitter_misc":{"Gesch\u00e4tzte Lesezeit":"6\u00a0Minuten"},"schema":{"@context":"https:\/\/schema.org","@graph":[{"@type":"WebPage","@id":"https:\/\/duinzicht.com\/de\/datenschutzerklarung\/","url":"https:\/\/duinzicht.com\/de\/datenschutzerklarung\/","name":"Datenschutzerkl\u00e4rung | Duinzicht Vakantieverblijven","isPartOf":{"@id":"https:\/\/duinzicht.com\/#website"},"datePublished":"2024-11-03T10:45:48+00:00","dateModified":"2025-10-05T12:25:00+00:00","breadcrumb":{"@id":"https:\/\/duinzicht.com\/de\/datenschutzerklarung\/#breadcrumb"},"inLanguage":"de","potentialAction":[{"@type":"ReadAction","target":["https:\/\/duinzicht.com\/de\/datenschutzerklarung\/"]}]},{"@type":"BreadcrumbList","@id":"https:\/\/duinzicht.com\/de\/datenschutzerklarung\/#breadcrumb","itemListElement":[{"@type":"ListItem","position":1,"name":"Home","item":"https:\/\/duinzicht.com\/de\/"},{"@type":"ListItem","position":2,"name":"Datenschutzerkl\u00e4rung"}]},{"@type":"WebSite","@id":"https:\/\/duinzicht.com\/#website","url":"https:\/\/duinzicht.com\/","name":"Duinzicht Vakantieverblijven","description":"Gelegen op het prachtige eiland Walcheren","publisher":{"@id":"https:\/\/duinzicht.com\/#organization"},"potentialAction":[{"@type":"SearchAction","target":{"@type":"EntryPoint","urlTemplate":"https:\/\/duinzicht.com\/?s={search_term_string}"},"query-input":{"@type":"PropertyValueSpecification","valueRequired":true,"valueName":"search_term_string"}}],"inLanguage":"de"},{"@type":"Organization","@id":"https:\/\/duinzicht.com\/#organization","name":"Vakantiepark TenZer","url":"https:\/\/duinzicht.com\/","logo":{"@type":"ImageObject","inLanguage":"de","@id":"https:\/\/duinzicht.com\/#\/schema\/logo\/image\/","url":"","contentUrl":"","caption":"Vakantiepark TenZer"},"image":{"@id":"https:\/\/duinzicht.com\/#\/schema\/logo\/image\/"},"sameAs":["https:\/\/www.facebook.com\/tenzeronline\/"]}]}},"_links":{"self":[{"href":"https:\/\/duinzicht.com\/de\/wp-json\/wp\/v2\/pages\/3209","targetHints":{"allow":["GET"]}}],"collection":[{"href":"https:\/\/duinzicht.com\/de\/wp-json\/wp\/v2\/pages"}],"about":[{"href":"https:\/\/duinzicht.com\/de\/wp-json\/wp\/v2\/types\/page"}],"author":[{"embeddable":true,"href":"https:\/\/duinzicht.com\/de\/wp-json\/wp\/v2\/users\/1"}],"replies":[{"embeddable":true,"href":"https:\/\/duinzicht.com\/de\/wp-json\/wp\/v2\/comments?post=3209"}],"version-history":[{"count":2,"href":"https:\/\/duinzicht.com\/de\/wp-json\/wp\/v2\/pages\/3209\/revisions"}],"predecessor-version":[{"id":3216,"href":"https:\/\/duinzicht.com\/de\/wp-json\/wp\/v2\/pages\/3209\/revisions\/3216"}],"wp:attachment":[{"href":"https:\/\/duinzicht.com\/de\/wp-json\/wp\/v2\/media?parent=3209"}],"curies":[{"name":"wp","href":"https:\/\/api.w.org\/{rel}","templated":true}]}}